{"id":3311,"date":"2023-09-26T19:51:57","date_gmt":"2023-09-26T22:51:57","guid":{"rendered":"https:\/\/scholante.com\/?page_id=3311"},"modified":"2024-03-21T11:38:05","modified_gmt":"2024-03-21T14:38:05","slug":"materiais-gratuitos","status":"publish","type":"page","link":"https:\/\/scholante.adv.br\/?page_id=3311","title":{"rendered":"Materiais Gratuitos"},"content":{"rendered":"\t\t<div data-elementor-type=\"wp-page\" data-elementor-id=\"3311\" class=\"elementor elementor-3311\" data-elementor-post-type=\"page\">\n\t\t\t\t\t\t<section class=\"elementor-section elementor-top-section elementor-element elementor-element-20c54e2b elementor-section-full_width elementor-section-height-default elementor-section-height-default\" data-id=\"20c54e2b\" data-element_type=\"section\">\n\t\t\t\t\t\t<div class=\"elementor-container elementor-column-gap-no\">\n\t\t\t\t\t<div class=\"elementor-column elementor-col-100 elementor-top-column elementor-element elementor-element-7aecee4b\" data-id=\"7aecee4b\" data-element_type=\"column\">\n\t\t\t<div class=\"elementor-widget-wrap elementor-element-populated\">\n\t\t\t\t\t\t<div class=\"elementor-element elementor-element-54dcfffa elementor-widget elementor-widget-menu-anchor\" data-id=\"54dcfffa\" data-element_type=\"widget\" data-widget_type=\"menu-anchor.default\">\n\t\t\t\t<div class=\"elementor-widget-container\">\n\t\t\t\t\t<div class=\"elementor-menu-anchor\" id=\"topo\"><\/div>\n\t\t\t\t<\/div>\n\t\t\t\t<\/div>\n\t\t\t\t\t<\/div>\n\t\t<\/div>\n\t\t\t\t\t<\/div>\n\t\t<\/section>\n\t\t\t\t<section class=\"elementor-section elementor-top-section elementor-element elementor-element-6ad441ae elementor-section-boxed elementor-section-height-default elementor-section-height-default\" data-id=\"6ad441ae\" data-element_type=\"section\">\n\t\t\t\t\t\t<div class=\"elementor-container elementor-column-gap-default\">\n\t\t\t\t\t<div class=\"elementor-column elementor-col-33 elementor-top-column elementor-element elementor-element-2b7ec925\" data-id=\"2b7ec925\" data-element_type=\"column\" data-settings=\"{&quot;background_background&quot;:&quot;classic&quot;}\">\n\t\t\t<div class=\"elementor-widget-wrap elementor-element-populated\">\n\t\t\t\t\t\t<div class=\"elementor-element elementor-element-1d03989a elementor-widget elementor-widget-heading\" data-id=\"1d03989a\" data-element_type=\"widget\" data-widget_type=\"heading.default\">\n\t\t\t\t<div class=\"elementor-widget-container\">\n\t\t\t<h1 class=\"elementor-heading-title elementor-size-default\">Acesse:<\/h1>\t\t<\/div>\n\t\t\t\t<\/div>\n\t\t\t\t<div class=\"elementor-element elementor-element-24b6d22f elementor-nav-menu__text-align-aside elementor-widget elementor-widget-nav-menu\" data-id=\"24b6d22f\" data-element_type=\"widget\" data-settings=\"{&quot;layout&quot;:&quot;dropdown&quot;,&quot;submenu_icon&quot;:{&quot;value&quot;:&quot;&lt;i class=\\&quot;\\&quot;&gt;&lt;\\\/i&gt;&quot;,&quot;library&quot;:&quot;&quot;}}\" data-widget_type=\"nav-menu.default\">\n\t\t\t\t<div class=\"elementor-widget-container\">\n\t\t\t\t\t\t<nav class=\"elementor-nav-menu--dropdown elementor-nav-menu__container\" aria-hidden=\"true\">\n\t\t\t\t<ul id=\"menu-2-24b6d22f\" class=\"elementor-nav-menu\"><li class=\"menu-item menu-item-type-post_type menu-item-object-page menu-item-2602\"><a href=\"https:\/\/scholante.adv.br\/?page_id=13\" class=\"elementor-item\" tabindex=\"-1\">Blog<\/a><\/li>\n<li class=\"menu-item menu-item-type-post_type menu-item-object-page menu-item-2600\"><a href=\"https:\/\/scholante.adv.br\/?page_id=2528\" class=\"elementor-item\" tabindex=\"-1\">Youtube<\/a><\/li>\n<li class=\"menu-item menu-item-type-post_type menu-item-object-page menu-item-2601\"><a href=\"https:\/\/scholante.adv.br\/?page_id=2537\" class=\"elementor-item\" tabindex=\"-1\">D\u00favidas Frequentes<\/a><\/li>\n<li class=\"menu-item menu-item-type-post_type menu-item-object-page menu-item-3320\"><a href=\"https:\/\/scholante.adv.br\/?page_id=3311\" class=\"elementor-item\" tabindex=\"-1\">E-books e mais<\/a><\/li>\n<\/ul>\t\t\t<\/nav>\n\t\t\t\t<\/div>\n\t\t\t\t<\/div>\n\t\t\t\t\t<\/div>\n\t\t<\/div>\n\t\t\t\t<div class=\"elementor-column elementor-col-33 elementor-top-column elementor-element elementor-element-41d2027f\" data-id=\"41d2027f\" data-element_type=\"column\">\n\t\t\t<div class=\"elementor-widget-wrap elementor-element-populated\">\n\t\t\t\t\t\t<div class=\"elementor-element elementor-element-b77f443 elementor-widget elementor-widget-heading\" data-id=\"b77f443\" data-element_type=\"widget\" data-widget_type=\"heading.default\">\n\t\t\t\t<div class=\"elementor-widget-container\">\n\t\t\t<h1 class=\"elementor-heading-title elementor-size-default\">Materiais Gratuitos<\/h1>\t\t<\/div>\n\t\t\t\t<\/div>\n\t\t\t\t<section class=\"elementor-section elementor-inner-section elementor-element elementor-element-45544f2 elementor-section-boxed elementor-section-height-default elementor-section-height-default\" data-id=\"45544f2\" data-element_type=\"section\">\n\t\t\t\t\t\t<div class=\"elementor-container elementor-column-gap-default\">\n\t\t\t\t\t<div class=\"elementor-column elementor-col-50 elementor-inner-column elementor-element elementor-element-fe24e94\" data-id=\"fe24e94\" data-element_type=\"column\" data-settings=\"{&quot;background_background&quot;:&quot;classic&quot;}\">\n\t\t\t<div class=\"elementor-widget-wrap elementor-element-populated\">\n\t\t\t\t\t\t<div class=\"elementor-element elementor-element-cdb6400 elementor-widget elementor-widget-image\" data-id=\"cdb6400\" data-element_type=\"widget\" data-widget_type=\"image.default\">\n\t\t\t\t<div class=\"elementor-widget-container\">\n\t\t\t\t\t\t\t\t\t\t\t\t\t<img fetchpriority=\"high\" decoding=\"async\" width=\"800\" height=\"930\" src=\"https:\/\/scholante.adv.br\/wp-content\/uploads\/2024\/02\/Softcover-Book-Half-Open-525x8-in-1.png\" class=\"attachment-large size-large wp-image-3420\" alt=\"\" srcset=\"https:\/\/scholante.adv.br\/wp-content\/uploads\/2024\/02\/Softcover-Book-Half-Open-525x8-in-1.png 876w, https:\/\/scholante.adv.br\/wp-content\/uploads\/2024\/02\/Softcover-Book-Half-Open-525x8-in-1-258x300.png 258w, https:\/\/scholante.adv.br\/wp-content\/uploads\/2024\/02\/Softcover-Book-Half-Open-525x8-in-1-768x892.png 768w\" sizes=\"(max-width: 800px) 100vw, 800px\" \/>\t\t\t\t\t\t\t\t\t\t\t\t\t<\/div>\n\t\t\t\t<\/div>\n\t\t\t\t<div class=\"elementor-element elementor-element-f133b59 elementor-widget elementor-widget-heading\" data-id=\"f133b59\" data-element_type=\"widget\" data-widget_type=\"heading.default\">\n\t\t\t\t<div class=\"elementor-widget-container\">\n\t\t\t<h1 class=\"elementor-heading-title elementor-size-default\">EBOOK RECUPERA MAIS<\/h1>\t\t<\/div>\n\t\t\t\t<\/div>\n\t\t\t\t<div class=\"elementor-element elementor-element-f7bf4c9 elementor-widget elementor-widget-button\" data-id=\"f7bf4c9\" data-element_type=\"widget\" data-widget_type=\"button.default\">\n\t\t\t\t<div class=\"elementor-widget-container\">\n\t\t\t\t\t<div class=\"elementor-button-wrapper\">\n\t\t\t<a class=\"elementor-button elementor-button-link elementor-size-sm\" href=\"#elementor-action%3Aaction%3Dpopup%3Aopen%26settings%3DeyJpZCI6IjM0MTMiLCJ0b2dnbGUiOmZhbHNlfQ%3D%3D\">\n\t\t\t\t\t\t<span class=\"elementor-button-content-wrapper\">\n\t\t\t\t\t\t\t\t\t<span class=\"elementor-button-text\">BAIXAR GRATUITAMENTE<\/span>\n\t\t\t\t\t<\/span>\n\t\t\t\t\t<\/a>\n\t\t<\/div>\n\t\t\t\t<\/div>\n\t\t\t\t<\/div>\n\t\t\t\t\t<\/div>\n\t\t<\/div>\n\t\t\t\t<div class=\"elementor-column elementor-col-50 elementor-inner-column elementor-element elementor-element-3d4a653\" data-id=\"3d4a653\" data-element_type=\"column\">\n\t\t\t<div class=\"elementor-widget-wrap\">\n\t\t\t\t\t\t\t<\/div>\n\t\t<\/div>\n\t\t\t\t\t<\/div>\n\t\t<\/section>\n\t\t\t\t\t<\/div>\n\t\t<\/div>\n\t\t\t\t<div class=\"elementor-column elementor-col-33 elementor-top-column elementor-element elementor-element-63d476c8\" data-id=\"63d476c8\" data-element_type=\"column\">\n\t\t\t<div class=\"elementor-widget-wrap\">\n\t\t\t\t\t\t\t<\/div>\n\t\t<\/div>\n\t\t\t\t\t<\/div>\n\t\t<\/section>\n\t\t\t\t<section class=\"elementor-section elementor-top-section elementor-element elementor-element-28b7d97b elementor-section-boxed elementor-section-height-default elementor-section-height-default\" data-id=\"28b7d97b\" data-element_type=\"section\">\n\t\t\t\t\t\t<div class=\"elementor-container elementor-column-gap-default\">\n\t\t\t\t\t<div class=\"elementor-column elementor-col-100 elementor-top-column elementor-element elementor-element-309576b4\" data-id=\"309576b4\" data-element_type=\"column\">\n\t\t\t<div class=\"elementor-widget-wrap\">\n\t\t\t\t\t\t\t<\/div>\n\t\t<\/div>\n\t\t\t\t\t<\/div>\n\t\t<\/section>\n\t\t\t\t<\/div>\n\t\t","protected":false},"excerpt":{"rendered":"<p>Acesse: Materiais Gratuitos EBOOK RECUPERA MAIS BAIXAR GRATUITAMENTE<\/p>\n","protected":false},"author":2,"featured_media":0,"parent":0,"menu_order":0,"comment_status":"closed","ping_status":"closed","template":"","meta":{"footnotes":""},"class_list":["post-3311","page","type-page","status-publish","hentry"],"yoast_head":"<!-- This site is optimized with the Yoast SEO plugin v23.4 - https:\/\/yoast.com\/wordpress\/plugins\/seo\/ -->\n<title>Materiais Gratuitos - Scholante - Gest\u00e3o Jur\u00eddica de Neg\u00f3cios<\/title>\n<meta name=\"robots\" content=\"index, follow, max-snippet:-1, max-image-preview:large, max-video-preview:-1\" \/>\n<link rel=\"canonical\" href=\"https:\/\/scholante.adv.br\/?page_id=3311\" \/>\n<meta property=\"og:locale\" content=\"pt_BR\" \/>\n<meta property=\"og:type\" content=\"article\" \/>\n<meta property=\"og:title\" content=\"Materiais Gratuitos - Scholante - Gest\u00e3o Jur\u00eddica de Neg\u00f3cios\" \/>\n<meta property=\"og:description\" content=\"Acesse: Materiais Gratuitos EBOOK RECUPERA MAIS BAIXAR GRATUITAMENTE\" \/>\n<meta property=\"og:url\" content=\"https:\/\/scholante.adv.br\/?page_id=3311\" \/>\n<meta property=\"og:site_name\" content=\"Scholante - Gest\u00e3o Jur\u00eddica de Neg\u00f3cios\" \/>\n<meta property=\"article:modified_time\" content=\"2024-03-21T14:38:05+00:00\" \/>\n<meta property=\"og:image\" content=\"http:\/\/scholante.adv.br\/wp-content\/uploads\/2024\/02\/Softcover-Book-Half-Open-525x8-in-1.png\" \/>\n<meta name=\"twitter:card\" content=\"summary_large_image\" \/>\n<meta name=\"twitter:label1\" content=\"Est. tempo de leitura\" \/>\n\t<meta name=\"twitter:data1\" content=\"1 minuto\" \/>\n<script type=\"application\/ld+json\" class=\"yoast-schema-graph\">{\"@context\":\"https:\/\/schema.org\",\"@graph\":[{\"@type\":\"WebPage\",\"@id\":\"https:\/\/scholante.adv.br\/?page_id=3311\",\"url\":\"https:\/\/scholante.adv.br\/?page_id=3311\",\"name\":\"Materiais Gratuitos - Scholante - Gest\u00e3o Jur\u00eddica de Neg\u00f3cios\",\"isPartOf\":{\"@id\":\"https:\/\/scholante.adv.br\/#website\"},\"primaryImageOfPage\":{\"@id\":\"https:\/\/scholante.adv.br\/?page_id=3311#primaryimage\"},\"image\":{\"@id\":\"https:\/\/scholante.adv.br\/?page_id=3311#primaryimage\"},\"thumbnailUrl\":\"http:\/\/scholante.adv.br\/wp-content\/uploads\/2024\/02\/Softcover-Book-Half-Open-525x8-in-1.png\",\"datePublished\":\"2023-09-26T22:51:57+00:00\",\"dateModified\":\"2024-03-21T14:38:05+00:00\",\"breadcrumb\":{\"@id\":\"https:\/\/scholante.adv.br\/?page_id=3311#breadcrumb\"},\"inLanguage\":\"pt-BR\",\"potentialAction\":[{\"@type\":\"ReadAction\",\"target\":[\"https:\/\/scholante.adv.br\/?page_id=3311\"]}]},{\"@type\":\"ImageObject\",\"inLanguage\":\"pt-BR\",\"@id\":\"https:\/\/scholante.adv.br\/?page_id=3311#primaryimage\",\"url\":\"https:\/\/scholante.adv.br\/wp-content\/uploads\/2024\/02\/Softcover-Book-Half-Open-525x8-in-1.png\",\"contentUrl\":\"https:\/\/scholante.adv.br\/wp-content\/uploads\/2024\/02\/Softcover-Book-Half-Open-525x8-in-1.png\",\"width\":876,\"height\":1018},{\"@type\":\"BreadcrumbList\",\"@id\":\"https:\/\/scholante.adv.br\/?page_id=3311#breadcrumb\",\"itemListElement\":[{\"@type\":\"ListItem\",\"position\":1,\"name\":\"In\u00edcio\",\"item\":\"https:\/\/scholante.adv.br\/\"},{\"@type\":\"ListItem\",\"position\":2,\"name\":\"Materiais Gratuitos\"}]},{\"@type\":\"WebSite\",\"@id\":\"https:\/\/scholante.adv.br\/#website\",\"url\":\"https:\/\/scholante.adv.br\/\",\"name\":\"Scholante - Gest\u00e3o Jur\u00eddica de Neg\u00f3cios\",\"description\":\"Scholante - Gest\u00e3o Jur\u00eddica de Neg\u00f3cios\",\"publisher\":{\"@id\":\"https:\/\/scholante.adv.br\/#organization\"},\"potentialAction\":[{\"@type\":\"SearchAction\",\"target\":{\"@type\":\"EntryPoint\",\"urlTemplate\":\"https:\/\/scholante.adv.br\/?s={search_term_string}\"},\"query-input\":{\"@type\":\"PropertyValueSpecification\",\"valueRequired\":true,\"valueName\":\"search_term_string\"}}],\"inLanguage\":\"pt-BR\"},{\"@type\":\"Organization\",\"@id\":\"https:\/\/scholante.adv.br\/#organization\",\"name\":\"Scholante - Gest\u00e3o Jur\u00eddica de Neg\u00f3cios\",\"url\":\"https:\/\/scholante.adv.br\/\",\"logo\":{\"@type\":\"ImageObject\",\"inLanguage\":\"pt-BR\",\"@id\":\"https:\/\/scholante.adv.br\/#\/schema\/logo\/image\/\",\"url\":\"https:\/\/scholante.adv.br\/wp-content\/uploads\/2021\/06\/Logo-Scholante-Horizontal-03-1.png\",\"contentUrl\":\"https:\/\/scholante.adv.br\/wp-content\/uploads\/2021\/06\/Logo-Scholante-Horizontal-03-1.png\",\"width\":1709,\"height\":622,\"caption\":\"Scholante - Gest\u00e3o Jur\u00eddica de Neg\u00f3cios\"},\"image\":{\"@id\":\"https:\/\/scholante.adv.br\/#\/schema\/logo\/image\/\"}}]}<\/script>\n<!-- \/ Yoast SEO plugin. -->","yoast_head_json":{"title":"Materiais Gratuitos - Scholante - Gest\u00e3o Jur\u00eddica de Neg\u00f3cios","robots":{"index":"index","follow":"follow","max-snippet":"max-snippet:-1","max-image-preview":"max-image-preview:large","max-video-preview":"max-video-preview:-1"},"canonical":"https:\/\/scholante.adv.br\/?page_id=3311","og_locale":"pt_BR","og_type":"article","og_title":"Materiais Gratuitos - Scholante - Gest\u00e3o Jur\u00eddica de Neg\u00f3cios","og_description":"Acesse: Materiais Gratuitos EBOOK RECUPERA MAIS BAIXAR GRATUITAMENTE","og_url":"https:\/\/scholante.adv.br\/?page_id=3311","og_site_name":"Scholante - Gest\u00e3o Jur\u00eddica de Neg\u00f3cios","article_modified_time":"2024-03-21T14:38:05+00:00","og_image":[{"url":"http:\/\/scholante.adv.br\/wp-content\/uploads\/2024\/02\/Softcover-Book-Half-Open-525x8-in-1.png"}],"twitter_card":"summary_large_image","twitter_misc":{"Est. tempo de leitura":"1 minuto"},"schema":{"@context":"https:\/\/schema.org","@graph":[{"@type":"WebPage","@id":"https:\/\/scholante.adv.br\/?page_id=3311","url":"https:\/\/scholante.adv.br\/?page_id=3311","name":"Materiais Gratuitos - Scholante - Gest\u00e3o Jur\u00eddica de Neg\u00f3cios","isPartOf":{"@id":"https:\/\/scholante.adv.br\/#website"},"primaryImageOfPage":{"@id":"https:\/\/scholante.adv.br\/?page_id=3311#primaryimage"},"image":{"@id":"https:\/\/scholante.adv.br\/?page_id=3311#primaryimage"},"thumbnailUrl":"http:\/\/scholante.adv.br\/wp-content\/uploads\/2024\/02\/Softcover-Book-Half-Open-525x8-in-1.png","datePublished":"2023-09-26T22:51:57+00:00","dateModified":"2024-03-21T14:38:05+00:00","breadcrumb":{"@id":"https:\/\/scholante.adv.br\/?page_id=3311#breadcrumb"},"inLanguage":"pt-BR","potentialAction":[{"@type":"ReadAction","target":["https:\/\/scholante.adv.br\/?page_id=3311"]}]},{"@type":"ImageObject","inLanguage":"pt-BR","@id":"https:\/\/scholante.adv.br\/?page_id=3311#primaryimage","url":"https:\/\/scholante.adv.br\/wp-content\/uploads\/2024\/02\/Softcover-Book-Half-Open-525x8-in-1.png","contentUrl":"https:\/\/scholante.adv.br\/wp-content\/uploads\/2024\/02\/Softcover-Book-Half-Open-525x8-in-1.png","width":876,"height":1018},{"@type":"BreadcrumbList","@id":"https:\/\/scholante.adv.br\/?page_id=3311#breadcrumb","itemListElement":[{"@type":"ListItem","position":1,"name":"In\u00edcio","item":"https:\/\/scholante.adv.br\/"},{"@type":"ListItem","position":2,"name":"Materiais Gratuitos"}]},{"@type":"WebSite","@id":"https:\/\/scholante.adv.br\/#website","url":"https:\/\/scholante.adv.br\/","name":"Scholante - Gest\u00e3o Jur\u00eddica de Neg\u00f3cios","description":"Scholante - Gest\u00e3o Jur\u00eddica de Neg\u00f3cios","publisher":{"@id":"https:\/\/scholante.adv.br\/#organization"},"potentialAction":[{"@type":"SearchAction","target":{"@type":"EntryPoint","urlTemplate":"https:\/\/scholante.adv.br\/?s={search_term_string}"},"query-input":{"@type":"PropertyValueSpecification","valueRequired":true,"valueName":"search_term_string"}}],"inLanguage":"pt-BR"},{"@type":"Organization","@id":"https:\/\/scholante.adv.br\/#organization","name":"Scholante - Gest\u00e3o Jur\u00eddica de Neg\u00f3cios","url":"https:\/\/scholante.adv.br\/","logo":{"@type":"ImageObject","inLanguage":"pt-BR","@id":"https:\/\/scholante.adv.br\/#\/schema\/logo\/image\/","url":"https:\/\/scholante.adv.br\/wp-content\/uploads\/2021\/06\/Logo-Scholante-Horizontal-03-1.png","contentUrl":"https:\/\/scholante.adv.br\/wp-content\/uploads\/2021\/06\/Logo-Scholante-Horizontal-03-1.png","width":1709,"height":622,"caption":"Scholante - Gest\u00e3o Jur\u00eddica de Neg\u00f3cios"},"image":{"@id":"https:\/\/scholante.adv.br\/#\/schema\/logo\/image\/"}}]}},"_links":{"self":[{"href":"https:\/\/scholante.adv.br\/index.php?rest_route=\/wp\/v2\/pages\/3311","targetHints":{"allow":["GET"]}}],"collection":[{"href":"https:\/\/scholante.adv.br\/index.php?rest_route=\/wp\/v2\/pages"}],"about":[{"href":"https:\/\/scholante.adv.br\/index.php?rest_route=\/wp\/v2\/types\/page"}],"author":[{"embeddable":true,"href":"https:\/\/scholante.adv.br\/index.php?rest_route=\/wp\/v2\/users\/2"}],"replies":[{"embeddable":true,"href":"https:\/\/scholante.adv.br\/index.php?rest_route=%2Fwp%2Fv2%2Fcomments&post=3311"}],"version-history":[{"count":35,"href":"https:\/\/scholante.adv.br\/index.php?rest_route=\/wp\/v2\/pages\/3311\/revisions"}],"predecessor-version":[{"id":3509,"href":"https:\/\/scholante.adv.br\/index.php?rest_route=\/wp\/v2\/pages\/3311\/revisions\/3509"}],"wp:attachment":[{"href":"https:\/\/scholante.adv.br\/index.php?rest_route=%2Fwp%2Fv2%2Fmedia&parent=3311"}],"curies":[{"name":"wp","href":"https:\/\/api.w.org\/{rel}","templated":true}]}}