{"id":2528,"date":"2023-01-25T08:56:08","date_gmt":"2023-01-25T11:56:08","guid":{"rendered":"https:\/\/scholante.com\/?page_id=2528"},"modified":"2024-03-21T11:35:41","modified_gmt":"2024-03-21T14:35:41","slug":"elementor-2528","status":"publish","type":"page","link":"https:\/\/scholante.adv.br\/?page_id=2528","title":{"rendered":"Youtube"},"content":{"rendered":"\t\t<div data-elementor-type=\"wp-post\" data-elementor-id=\"2528\" class=\"elementor elementor-2528\" data-elementor-post-type=\"page\">\n\t\t\t\t\t\t<section class=\"elementor-section elementor-top-section elementor-element elementor-element-40fa2edb elementor-section-full_width elementor-section-height-default elementor-section-height-default\" data-id=\"40fa2edb\" data-element_type=\"section\">\n\t\t\t\t\t\t<div class=\"elementor-container elementor-column-gap-no\">\n\t\t\t\t\t<div class=\"elementor-column elementor-col-100 elementor-top-column elementor-element elementor-element-4c40251\" data-id=\"4c40251\" data-element_type=\"column\">\n\t\t\t<div class=\"elementor-widget-wrap elementor-element-populated\">\n\t\t\t\t\t\t<div class=\"elementor-element elementor-element-2ef432ba elementor-widget elementor-widget-menu-anchor\" data-id=\"2ef432ba\" data-element_type=\"widget\" data-widget_type=\"menu-anchor.default\">\n\t\t\t\t<div class=\"elementor-widget-container\">\n\t\t\t\t\t<div class=\"elementor-menu-anchor\" id=\"topo\"><\/div>\n\t\t\t\t<\/div>\n\t\t\t\t<\/div>\n\t\t\t\t\t<\/div>\n\t\t<\/div>\n\t\t\t\t\t<\/div>\n\t\t<\/section>\n\t\t\t\t<section class=\"elementor-section elementor-top-section elementor-element elementor-element-38dba2d9 elementor-section-boxed elementor-section-height-default elementor-section-height-default\" data-id=\"38dba2d9\" data-element_type=\"section\">\n\t\t\t\t\t\t<div class=\"elementor-container elementor-column-gap-default\">\n\t\t\t\t\t<div class=\"elementor-column elementor-col-33 elementor-top-column elementor-element elementor-element-5341f391\" data-id=\"5341f391\" data-element_type=\"column\" data-settings=\"{&quot;background_background&quot;:&quot;classic&quot;}\">\n\t\t\t<div class=\"elementor-widget-wrap elementor-element-populated\">\n\t\t\t\t\t\t<div class=\"elementor-element elementor-element-52ffe42e elementor-widget elementor-widget-heading\" data-id=\"52ffe42e\" data-element_type=\"widget\" data-widget_type=\"heading.default\">\n\t\t\t\t<div class=\"elementor-widget-container\">\n\t\t\t<h1 class=\"elementor-heading-title elementor-size-default\">Acesse:<\/h1>\t\t<\/div>\n\t\t\t\t<\/div>\n\t\t\t\t<div class=\"elementor-element elementor-element-851068f elementor-nav-menu__text-align-aside elementor-widget elementor-widget-nav-menu\" data-id=\"851068f\" data-element_type=\"widget\" data-settings=\"{&quot;layout&quot;:&quot;dropdown&quot;,&quot;submenu_icon&quot;:{&quot;value&quot;:&quot;&lt;i class=\\&quot;\\&quot;&gt;&lt;\\\/i&gt;&quot;,&quot;library&quot;:&quot;&quot;}}\" data-widget_type=\"nav-menu.default\">\n\t\t\t\t<div class=\"elementor-widget-container\">\n\t\t\t\t\t\t<nav class=\"elementor-nav-menu--dropdown elementor-nav-menu__container\" aria-hidden=\"true\">\n\t\t\t\t<ul id=\"menu-2-851068f\" class=\"elementor-nav-menu\"><li class=\"menu-item menu-item-type-post_type menu-item-object-page menu-item-2602\"><a href=\"https:\/\/scholante.adv.br\/?page_id=13\" class=\"elementor-item\" tabindex=\"-1\">Blog<\/a><\/li>\n<li class=\"menu-item menu-item-type-post_type menu-item-object-page menu-item-2600\"><a href=\"https:\/\/scholante.adv.br\/?page_id=2528\" class=\"elementor-item\" tabindex=\"-1\">Youtube<\/a><\/li>\n<li class=\"menu-item menu-item-type-post_type menu-item-object-page menu-item-2601\"><a href=\"https:\/\/scholante.adv.br\/?page_id=2537\" class=\"elementor-item\" tabindex=\"-1\">D\u00favidas Frequentes<\/a><\/li>\n<li class=\"menu-item menu-item-type-post_type menu-item-object-page menu-item-3320\"><a href=\"https:\/\/scholante.adv.br\/?page_id=3311\" class=\"elementor-item\" tabindex=\"-1\">E-books e mais<\/a><\/li>\n<\/ul>\t\t\t<\/nav>\n\t\t\t\t<\/div>\n\t\t\t\t<\/div>\n\t\t\t\t\t<\/div>\n\t\t<\/div>\n\t\t\t\t<div class=\"elementor-column elementor-col-33 elementor-top-column elementor-element elementor-element-370cfbed\" data-id=\"370cfbed\" data-element_type=\"column\">\n\t\t\t<div class=\"elementor-widget-wrap elementor-element-populated\">\n\t\t\t\t\t\t<div class=\"elementor-element elementor-element-4ca38a1 elementor-widget elementor-widget-heading\" data-id=\"4ca38a1\" data-element_type=\"widget\" data-widget_type=\"heading.default\">\n\t\t\t\t<div class=\"elementor-widget-container\">\n\t\t\t<h1 class=\"elementor-heading-title elementor-size-default\">Nossos Videos:<\/h1>\t\t<\/div>\n\t\t\t\t<\/div>\n\t\t\t\t<section class=\"elementor-section elementor-inner-section elementor-element elementor-element-30fa6ed elementor-section-boxed elementor-section-height-default elementor-section-height-default\" data-id=\"30fa6ed\" data-element_type=\"section\">\n\t\t\t\t\t\t<div class=\"elementor-container elementor-column-gap-default\">\n\t\t\t\t\t<div class=\"elementor-column elementor-col-50 elementor-inner-column elementor-element elementor-element-14b9ed4\" data-id=\"14b9ed4\" data-element_type=\"column\">\n\t\t\t<div class=\"elementor-widget-wrap elementor-element-populated\">\n\t\t\t\t\t\t<div class=\"elementor-element elementor-element-83a32e1 elementor-widget elementor-widget-video\" data-id=\"83a32e1\" data-element_type=\"widget\" data-settings=\"{&quot;youtube_url&quot;:&quot;https:\\\/\\\/youtu.be\\\/JnCArglNRLU&quot;,&quot;video_type&quot;:&quot;youtube&quot;,&quot;controls&quot;:&quot;yes&quot;}\" data-widget_type=\"video.default\">\n\t\t\t\t<div class=\"elementor-widget-container\">\n\t\t\t\t\t<div class=\"elementor-wrapper elementor-open-inline\">\n\t\t\t<div class=\"elementor-video\"><\/div>\t\t<\/div>\n\t\t\t\t<\/div>\n\t\t\t\t<\/div>\n\t\t\t\t\t<\/div>\n\t\t<\/div>\n\t\t\t\t<div class=\"elementor-column elementor-col-50 elementor-inner-column elementor-element elementor-element-833430e\" data-id=\"833430e\" data-element_type=\"column\">\n\t\t\t<div class=\"elementor-widget-wrap elementor-element-populated\">\n\t\t\t\t\t\t<div class=\"elementor-element elementor-element-db70e87 elementor-widget elementor-widget-video\" data-id=\"db70e87\" data-element_type=\"widget\" data-settings=\"{&quot;youtube_url&quot;:&quot;https:\\\/\\\/youtu.be\\\/hTygEHc5j8c&quot;,&quot;video_type&quot;:&quot;youtube&quot;,&quot;controls&quot;:&quot;yes&quot;}\" data-widget_type=\"video.default\">\n\t\t\t\t<div class=\"elementor-widget-container\">\n\t\t\t\t\t<div class=\"elementor-wrapper elementor-open-inline\">\n\t\t\t<div class=\"elementor-video\"><\/div>\t\t<\/div>\n\t\t\t\t<\/div>\n\t\t\t\t<\/div>\n\t\t\t\t\t<\/div>\n\t\t<\/div>\n\t\t\t\t\t<\/div>\n\t\t<\/section>\n\t\t\t\t\t<\/div>\n\t\t<\/div>\n\t\t\t\t<div class=\"elementor-column elementor-col-33 elementor-top-column elementor-element elementor-element-70b310d1\" data-id=\"70b310d1\" data-element_type=\"column\">\n\t\t\t<div class=\"elementor-widget-wrap\">\n\t\t\t\t\t\t\t<\/div>\n\t\t<\/div>\n\t\t\t\t\t<\/div>\n\t\t<\/section>\n\t\t\t\t<section class=\"elementor-section elementor-top-section elementor-element elementor-element-446ccfe0 elementor-section-boxed elementor-section-height-default elementor-section-height-default\" data-id=\"446ccfe0\" data-element_type=\"section\">\n\t\t\t\t\t\t<div class=\"elementor-container elementor-column-gap-default\">\n\t\t\t\t\t<div class=\"elementor-column elementor-col-100 elementor-top-column elementor-element elementor-element-4085bfbc\" data-id=\"4085bfbc\" data-element_type=\"column\">\n\t\t\t<div class=\"elementor-widget-wrap\">\n\t\t\t\t\t\t\t<\/div>\n\t\t<\/div>\n\t\t\t\t\t<\/div>\n\t\t<\/section>\n\t\t\t\t<\/div>\n\t\t","protected":false},"excerpt":{"rendered":"<p>Acesse: Nossos Videos: https:\/\/youtu.be\/JnCArglNRLUhttps:\/\/youtu.be\/hTygEHc5j8c<\/p>\n","protected":false},"author":2,"featured_media":0,"parent":0,"menu_order":0,"comment_status":"closed","ping_status":"closed","template":"","meta":{"footnotes":""},"class_list":["post-2528","page","type-page","status-publish","hentry"],"yoast_head":"<!-- This site is optimized with the Yoast SEO plugin v23.4 - https:\/\/yoast.com\/wordpress\/plugins\/seo\/ -->\n<title>Youtube - Scholante - Gest\u00e3o Jur\u00eddica de Neg\u00f3cios<\/title>\n<meta name=\"robots\" content=\"index, follow, max-snippet:-1, max-image-preview:large, max-video-preview:-1\" \/>\n<link rel=\"canonical\" href=\"https:\/\/scholante.adv.br\/?page_id=2528\" \/>\n<meta property=\"og:locale\" content=\"pt_BR\" \/>\n<meta property=\"og:type\" content=\"article\" \/>\n<meta property=\"og:title\" content=\"Youtube - Scholante - Gest\u00e3o Jur\u00eddica de Neg\u00f3cios\" \/>\n<meta property=\"og:description\" content=\"Acesse: Nossos Videos: https:\/\/youtu.be\/JnCArglNRLUhttps:\/\/youtu.be\/hTygEHc5j8c\" \/>\n<meta property=\"og:url\" content=\"https:\/\/scholante.adv.br\/?page_id=2528\" \/>\n<meta property=\"og:site_name\" content=\"Scholante - Gest\u00e3o Jur\u00eddica de Neg\u00f3cios\" \/>\n<meta property=\"article:modified_time\" content=\"2024-03-21T14:35:41+00:00\" \/>\n<meta name=\"twitter:card\" content=\"summary_large_image\" \/>\n<meta name=\"twitter:label1\" content=\"Est. tempo de leitura\" \/>\n\t<meta name=\"twitter:data1\" content=\"1 minuto\" \/>\n<script type=\"application\/ld+json\" class=\"yoast-schema-graph\">{\"@context\":\"https:\/\/schema.org\",\"@graph\":[{\"@type\":\"WebPage\",\"@id\":\"https:\/\/scholante.adv.br\/?page_id=2528\",\"url\":\"https:\/\/scholante.adv.br\/?page_id=2528\",\"name\":\"Youtube - Scholante - Gest\u00e3o Jur\u00eddica de Neg\u00f3cios\",\"isPartOf\":{\"@id\":\"https:\/\/scholante.adv.br\/#website\"},\"datePublished\":\"2023-01-25T11:56:08+00:00\",\"dateModified\":\"2024-03-21T14:35:41+00:00\",\"breadcrumb\":{\"@id\":\"https:\/\/scholante.adv.br\/?page_id=2528#breadcrumb\"},\"inLanguage\":\"pt-BR\",\"potentialAction\":[{\"@type\":\"ReadAction\",\"target\":[\"https:\/\/scholante.adv.br\/?page_id=2528\"]}]},{\"@type\":\"BreadcrumbList\",\"@id\":\"https:\/\/scholante.adv.br\/?page_id=2528#breadcrumb\",\"itemListElement\":[{\"@type\":\"ListItem\",\"position\":1,\"name\":\"In\u00edcio\",\"item\":\"https:\/\/scholante.adv.br\/\"},{\"@type\":\"ListItem\",\"position\":2,\"name\":\"Youtube\"}]},{\"@type\":\"WebSite\",\"@id\":\"https:\/\/scholante.adv.br\/#website\",\"url\":\"https:\/\/scholante.adv.br\/\",\"name\":\"Scholante - Gest\u00e3o Jur\u00eddica de Neg\u00f3cios\",\"description\":\"Scholante - Gest\u00e3o Jur\u00eddica de Neg\u00f3cios\",\"publisher\":{\"@id\":\"https:\/\/scholante.adv.br\/#organization\"},\"potentialAction\":[{\"@type\":\"SearchAction\",\"target\":{\"@type\":\"EntryPoint\",\"urlTemplate\":\"https:\/\/scholante.adv.br\/?s={search_term_string}\"},\"query-input\":{\"@type\":\"PropertyValueSpecification\",\"valueRequired\":true,\"valueName\":\"search_term_string\"}}],\"inLanguage\":\"pt-BR\"},{\"@type\":\"Organization\",\"@id\":\"https:\/\/scholante.adv.br\/#organization\",\"name\":\"Scholante - Gest\u00e3o Jur\u00eddica de Neg\u00f3cios\",\"url\":\"https:\/\/scholante.adv.br\/\",\"logo\":{\"@type\":\"ImageObject\",\"inLanguage\":\"pt-BR\",\"@id\":\"https:\/\/scholante.adv.br\/#\/schema\/logo\/image\/\",\"url\":\"https:\/\/scholante.adv.br\/wp-content\/uploads\/2021\/06\/Logo-Scholante-Horizontal-03-1.png\",\"contentUrl\":\"https:\/\/scholante.adv.br\/wp-content\/uploads\/2021\/06\/Logo-Scholante-Horizontal-03-1.png\",\"width\":1709,\"height\":622,\"caption\":\"Scholante - Gest\u00e3o Jur\u00eddica de Neg\u00f3cios\"},\"image\":{\"@id\":\"https:\/\/scholante.adv.br\/#\/schema\/logo\/image\/\"}}]}<\/script>\n<!-- \/ Yoast SEO plugin. -->","yoast_head_json":{"title":"Youtube - Scholante - Gest\u00e3o Jur\u00eddica de Neg\u00f3cios","robots":{"index":"index","follow":"follow","max-snippet":"max-snippet:-1","max-image-preview":"max-image-preview:large","max-video-preview":"max-video-preview:-1"},"canonical":"https:\/\/scholante.adv.br\/?page_id=2528","og_locale":"pt_BR","og_type":"article","og_title":"Youtube - Scholante - Gest\u00e3o Jur\u00eddica de Neg\u00f3cios","og_description":"Acesse: Nossos Videos: https:\/\/youtu.be\/JnCArglNRLUhttps:\/\/youtu.be\/hTygEHc5j8c","og_url":"https:\/\/scholante.adv.br\/?page_id=2528","og_site_name":"Scholante - Gest\u00e3o Jur\u00eddica de Neg\u00f3cios","article_modified_time":"2024-03-21T14:35:41+00:00","twitter_card":"summary_large_image","twitter_misc":{"Est. tempo de leitura":"1 minuto"},"schema":{"@context":"https:\/\/schema.org","@graph":[{"@type":"WebPage","@id":"https:\/\/scholante.adv.br\/?page_id=2528","url":"https:\/\/scholante.adv.br\/?page_id=2528","name":"Youtube - Scholante - Gest\u00e3o Jur\u00eddica de Neg\u00f3cios","isPartOf":{"@id":"https:\/\/scholante.adv.br\/#website"},"datePublished":"2023-01-25T11:56:08+00:00","dateModified":"2024-03-21T14:35:41+00:00","breadcrumb":{"@id":"https:\/\/scholante.adv.br\/?page_id=2528#breadcrumb"},"inLanguage":"pt-BR","potentialAction":[{"@type":"ReadAction","target":["https:\/\/scholante.adv.br\/?page_id=2528"]}]},{"@type":"BreadcrumbList","@id":"https:\/\/scholante.adv.br\/?page_id=2528#breadcrumb","itemListElement":[{"@type":"ListItem","position":1,"name":"In\u00edcio","item":"https:\/\/scholante.adv.br\/"},{"@type":"ListItem","position":2,"name":"Youtube"}]},{"@type":"WebSite","@id":"https:\/\/scholante.adv.br\/#website","url":"https:\/\/scholante.adv.br\/","name":"Scholante - Gest\u00e3o Jur\u00eddica de Neg\u00f3cios","description":"Scholante - Gest\u00e3o Jur\u00eddica de Neg\u00f3cios","publisher":{"@id":"https:\/\/scholante.adv.br\/#organization"},"potentialAction":[{"@type":"SearchAction","target":{"@type":"EntryPoint","urlTemplate":"https:\/\/scholante.adv.br\/?s={search_term_string}"},"query-input":{"@type":"PropertyValueSpecification","valueRequired":true,"valueName":"search_term_string"}}],"inLanguage":"pt-BR"},{"@type":"Organization","@id":"https:\/\/scholante.adv.br\/#organization","name":"Scholante - Gest\u00e3o Jur\u00eddica de Neg\u00f3cios","url":"https:\/\/scholante.adv.br\/","logo":{"@type":"ImageObject","inLanguage":"pt-BR","@id":"https:\/\/scholante.adv.br\/#\/schema\/logo\/image\/","url":"https:\/\/scholante.adv.br\/wp-content\/uploads\/2021\/06\/Logo-Scholante-Horizontal-03-1.png","contentUrl":"https:\/\/scholante.adv.br\/wp-content\/uploads\/2021\/06\/Logo-Scholante-Horizontal-03-1.png","width":1709,"height":622,"caption":"Scholante - Gest\u00e3o Jur\u00eddica de Neg\u00f3cios"},"image":{"@id":"https:\/\/scholante.adv.br\/#\/schema\/logo\/image\/"}}]}},"_links":{"self":[{"href":"https:\/\/scholante.adv.br\/index.php?rest_route=\/wp\/v2\/pages\/2528","targetHints":{"allow":["GET"]}}],"collection":[{"href":"https:\/\/scholante.adv.br\/index.php?rest_route=\/wp\/v2\/pages"}],"about":[{"href":"https:\/\/scholante.adv.br\/index.php?rest_route=\/wp\/v2\/types\/page"}],"author":[{"embeddable":true,"href":"https:\/\/scholante.adv.br\/index.php?rest_route=\/wp\/v2\/users\/2"}],"replies":[{"embeddable":true,"href":"https:\/\/scholante.adv.br\/index.php?rest_route=%2Fwp%2Fv2%2Fcomments&post=2528"}],"version-history":[{"count":41,"href":"https:\/\/scholante.adv.br\/index.php?rest_route=\/wp\/v2\/pages\/2528\/revisions"}],"predecessor-version":[{"id":3494,"href":"https:\/\/scholante.adv.br\/index.php?rest_route=\/wp\/v2\/pages\/2528\/revisions\/3494"}],"wp:attachment":[{"href":"https:\/\/scholante.adv.br\/index.php?rest_route=%2Fwp%2Fv2%2Fmedia&parent=2528"}],"curies":[{"name":"wp","href":"https:\/\/api.w.org\/{rel}","templated":true}]}}