{"id":2338,"date":"2023-01-10T15:56:35","date_gmt":"2023-01-10T18:56:35","guid":{"rendered":"https:\/\/scholante.com\/?page_id=2338"},"modified":"2024-03-20T21:20:57","modified_gmt":"2024-03-21T00:20:57","slug":"gestao-juridica","status":"publish","type":"page","link":"https:\/\/scholante.adv.br\/?page_id=2338","title":{"rendered":"Gest\u00e3o Jur\u00eddica"},"content":{"rendered":"\t\t<div data-elementor-type=\"wp-page\" data-elementor-id=\"2338\" class=\"elementor elementor-2338\" data-elementor-post-type=\"page\">\n\t\t\t\t\t\t<section class=\"elementor-section elementor-top-section elementor-element elementor-element-2eaaead elementor-section-boxed elementor-section-height-default elementor-section-height-default\" data-id=\"2eaaead\" data-element_type=\"section\" data-settings=\"{&quot;background_background&quot;:&quot;classic&quot;}\">\n\t\t\t\t\t\t<div class=\"elementor-container elementor-column-gap-default\">\n\t\t\t\t\t<div class=\"elementor-column elementor-col-50 elementor-top-column elementor-element elementor-element-6867b41\" data-id=\"6867b41\" data-element_type=\"column\">\n\t\t\t<div class=\"elementor-widget-wrap elementor-element-populated\">\n\t\t\t\t\t\t<div class=\"elementor-element elementor-element-aa5787d elementor-widget elementor-widget-heading\" data-id=\"aa5787d\" data-element_type=\"widget\" data-widget_type=\"heading.default\">\n\t\t\t\t<div class=\"elementor-widget-container\">\n\t\t\t<h2 class=\"elementor-heading-title elementor-size-default\">Por que <b> gest\u00e3o jur\u00eddica?<\/b><\/h2>\t\t<\/div>\n\t\t\t\t<\/div>\n\t\t\t\t<div class=\"elementor-element elementor-element-46321d0 elementor-widget elementor-widget-text-editor\" data-id=\"46321d0\" data-element_type=\"widget\" data-widget_type=\"text-editor.default\">\n\t\t\t\t<div class=\"elementor-widget-container\">\n\t\t\t\t\t\t\t<p style=\"text-align: left;\">A utiliza\u00e7\u00e3o do termo gest\u00e3o jur\u00eddica normalmente se refere aos temas relacionados \u00e0 organiza\u00e7\u00e3o administrativa, financeira e operacional de escrit\u00f3rios de advocacia e departamentos jur\u00eddicos. N\u00f3s buscamos reformular a ideia de gest\u00e3o jur\u00eddica.<\/p>\t\t\t\t\t\t<\/div>\n\t\t\t\t<\/div>\n\t\t\t\t\t<\/div>\n\t\t<\/div>\n\t\t\t\t<div class=\"elementor-column elementor-col-50 elementor-top-column elementor-element elementor-element-43ba974\" data-id=\"43ba974\" data-element_type=\"column\">\n\t\t\t<div class=\"elementor-widget-wrap elementor-element-populated\">\n\t\t\t\t\t\t<div class=\"elementor-element elementor-element-f299147 elementor-widget elementor-widget-image\" data-id=\"f299147\" data-element_type=\"widget\" data-widget_type=\"image.default\">\n\t\t\t\t<div class=\"elementor-widget-container\">\n\t\t\t\t\t\t\t\t\t\t\t\t\t<img fetchpriority=\"high\" decoding=\"async\" width=\"800\" height=\"534\" src=\"https:\/\/scholante.adv.br\/wp-content\/uploads\/2023\/01\/hands-1.jpg\" class=\"attachment-large size-large wp-image-2748\" alt=\"\" srcset=\"https:\/\/scholante.adv.br\/wp-content\/uploads\/2023\/01\/hands-1.jpg 894w, https:\/\/scholante.adv.br\/wp-content\/uploads\/2023\/01\/hands-1-300x200.jpg 300w, https:\/\/scholante.adv.br\/wp-content\/uploads\/2023\/01\/hands-1-768x513.jpg 768w\" sizes=\"(max-width: 800px) 100vw, 800px\" \/>\t\t\t\t\t\t\t\t\t\t\t\t\t<\/div>\n\t\t\t\t<\/div>\n\t\t\t\t\t<\/div>\n\t\t<\/div>\n\t\t\t\t\t<\/div>\n\t\t<\/section>\n\t\t\t\t<section class=\"elementor-section elementor-top-section elementor-element elementor-element-7a3ff43 elementor-reverse-tablet elementor-reverse-mobile elementor-section-boxed elementor-section-height-default elementor-section-height-default\" data-id=\"7a3ff43\" data-element_type=\"section\">\n\t\t\t\t\t\t<div class=\"elementor-container elementor-column-gap-default\">\n\t\t\t\t\t<div class=\"elementor-column elementor-col-50 elementor-top-column elementor-element elementor-element-9598c63\" data-id=\"9598c63\" data-element_type=\"column\">\n\t\t\t<div class=\"elementor-widget-wrap elementor-element-populated\">\n\t\t\t\t\t\t<div class=\"elementor-element elementor-element-cbe7bb8 elementor-widget elementor-widget-image\" data-id=\"cbe7bb8\" data-element_type=\"widget\" data-widget_type=\"image.default\">\n\t\t\t\t<div class=\"elementor-widget-container\">\n\t\t\t\t\t\t\t\t\t\t\t\t\t<img decoding=\"async\" width=\"800\" height=\"533\" src=\"https:\/\/scholante.adv.br\/wp-content\/uploads\/2023\/01\/growth-1.jpg\" class=\"attachment-large size-large wp-image-2749\" alt=\"\" srcset=\"https:\/\/scholante.adv.br\/wp-content\/uploads\/2023\/01\/growth-1.jpg 800w, https:\/\/scholante.adv.br\/wp-content\/uploads\/2023\/01\/growth-1-300x200.jpg 300w, https:\/\/scholante.adv.br\/wp-content\/uploads\/2023\/01\/growth-1-768x512.jpg 768w\" sizes=\"(max-width: 800px) 100vw, 800px\" \/>\t\t\t\t\t\t\t\t\t\t\t\t\t<\/div>\n\t\t\t\t<\/div>\n\t\t\t\t\t<\/div>\n\t\t<\/div>\n\t\t\t\t<div class=\"elementor-column elementor-col-50 elementor-top-column elementor-element elementor-element-9524e1e\" data-id=\"9524e1e\" data-element_type=\"column\">\n\t\t\t<div class=\"elementor-widget-wrap elementor-element-populated\">\n\t\t\t\t\t\t<div class=\"elementor-element elementor-element-fe4666b elementor-widget elementor-widget-heading\" data-id=\"fe4666b\" data-element_type=\"widget\" data-widget_type=\"heading.default\">\n\t\t\t\t<div class=\"elementor-widget-container\">\n\t\t\t<h2 class=\"elementor-heading-title elementor-size-default\">Nosso conceito de Gest\u00e3o Jur\u00eddica<\/h2>\t\t<\/div>\n\t\t\t\t<\/div>\n\t\t\t\t<div class=\"elementor-element elementor-element-06b2f13 elementor-widget elementor-widget-text-editor\" data-id=\"06b2f13\" data-element_type=\"widget\" data-widget_type=\"text-editor.default\">\n\t\t\t\t<div class=\"elementor-widget-container\">\n\t\t\t\t\t\t\t<p>Para n\u00f3s, a gest\u00e3o jur\u00eddica representa uma assessoria jur\u00eddica integrada com os demais aspectos e setores das empresas e dos neg\u00f3cios.<\/p><p>Sabemos que, apesar de compreender claramente os resultados econ\u00f4micos almejados, os atores envolvidos na atividade empresarial e na realiza\u00e7\u00e3o de neg\u00f3cios nem sempre conseguem visualizar os principais vieses jur\u00eddicos aos quais est\u00e3o expostos, o que dificulta uma tomada de decis\u00e3o consciente sobre os riscos jur\u00eddicos assumidos nas atividades negociais. Isto demanda uma expertise jur\u00eddica que identifique com clareza os aspectos jur\u00eddicos dos neg\u00f3cios que exigem mais aten\u00e7\u00e3o, de acordo com as particularidades de cada caso.<\/p><p>Da\u00ed a import\u00e2ncia de olhar para os aspectos jur\u00eddicos a partir de uma clara compreens\u00e3o dos objetivos, das partes envolvidas, do perfil empresarial e da opera\u00e7\u00e3o de cada neg\u00f3cio.<\/p>\t\t\t\t\t\t<\/div>\n\t\t\t\t<\/div>\n\t\t\t\t\t<\/div>\n\t\t<\/div>\n\t\t\t\t\t<\/div>\n\t\t<\/section>\n\t\t\t\t<section class=\"elementor-section elementor-top-section elementor-element elementor-element-61a9ba6 elementor-section-boxed elementor-section-height-default elementor-section-height-default\" data-id=\"61a9ba6\" data-element_type=\"section\">\n\t\t\t\t\t\t<div class=\"elementor-container elementor-column-gap-default\">\n\t\t\t\t\t<div class=\"elementor-column elementor-col-50 elementor-top-column elementor-element elementor-element-8c094f1\" data-id=\"8c094f1\" data-element_type=\"column\">\n\t\t\t<div class=\"elementor-widget-wrap elementor-element-populated\">\n\t\t\t\t\t\t<div class=\"elementor-element elementor-element-2438eeb elementor-widget elementor-widget-heading\" data-id=\"2438eeb\" data-element_type=\"widget\" data-widget_type=\"heading.default\">\n\t\t\t\t<div class=\"elementor-widget-container\">\n\t\t\t<h2 class=\"elementor-heading-title elementor-size-default\">Nosso m\u00e9todo<\/h2>\t\t<\/div>\n\t\t\t\t<\/div>\n\t\t\t\t<div class=\"elementor-element elementor-element-ea17c68 elementor-widget elementor-widget-text-editor\" data-id=\"ea17c68\" data-element_type=\"widget\" data-widget_type=\"text-editor.default\">\n\t\t\t\t<div class=\"elementor-widget-container\">\n\t\t\t\t\t\t\t<p>\u00c9 por isso que n\u00f3s buscamos agregar valor conferindo um olhar aos aspectos jur\u00eddicos sob a \u00f3tica da gest\u00e3o empresarial e tendo o cliente como centro da estrat\u00e9gia jur\u00eddica. Fazendo isso, conseguimos identificar os vieses jur\u00eddicos mais relevantes e as reais necessidades de cada empresa ou neg\u00f3cio.<\/p><p>Neste cen\u00e1rio, mesmo atuando como uma consultoria externa, nosso escrit\u00f3rio se prop\u00f5e a ter o alinhamento estrat\u00e9gico de um verdadeiro departamento jur\u00eddico, atuando de forma integrada com os gestores e todos os setores da empresa.<\/p>\t\t\t\t\t\t<\/div>\n\t\t\t\t<\/div>\n\t\t\t\t\t<\/div>\n\t\t<\/div>\n\t\t\t\t<div class=\"elementor-column elementor-col-50 elementor-top-column elementor-element elementor-element-c36c56f\" data-id=\"c36c56f\" data-element_type=\"column\" data-settings=\"{&quot;background_background&quot;:&quot;classic&quot;}\">\n\t\t\t<div class=\"elementor-widget-wrap elementor-element-populated\">\n\t\t\t\t\t\t<div class=\"elementor-element elementor-element-cb09b65 elementor-widget elementor-widget-image\" data-id=\"cb09b65\" data-element_type=\"widget\" data-widget_type=\"image.default\">\n\t\t\t\t<div class=\"elementor-widget-container\">\n\t\t\t\t\t\t\t\t\t\t\t\t\t<img decoding=\"async\" width=\"800\" height=\"601\" src=\"https:\/\/scholante.adv.br\/wp-content\/uploads\/2023\/01\/goal-1.jpg\" class=\"attachment-large size-large wp-image-2750\" alt=\"\" srcset=\"https:\/\/scholante.adv.br\/wp-content\/uploads\/2023\/01\/goal-1.jpg 830w, https:\/\/scholante.adv.br\/wp-content\/uploads\/2023\/01\/goal-1-300x226.jpg 300w, https:\/\/scholante.adv.br\/wp-content\/uploads\/2023\/01\/goal-1-768x577.jpg 768w\" sizes=\"(max-width: 800px) 100vw, 800px\" \/>\t\t\t\t\t\t\t\t\t\t\t\t\t<\/div>\n\t\t\t\t<\/div>\n\t\t\t\t\t<\/div>\n\t\t<\/div>\n\t\t\t\t\t<\/div>\n\t\t<\/section>\n\t\t\t\t<\/div>\n\t\t","protected":false},"excerpt":{"rendered":"<p>Por que gest\u00e3o jur\u00eddica? A utiliza\u00e7\u00e3o do termo gest\u00e3o jur\u00eddica normalmente se refere aos temas relacionados \u00e0 organiza\u00e7\u00e3o administrativa, financeira e operacional de escrit\u00f3rios de advocacia e departamentos jur\u00eddicos. N\u00f3s buscamos reformular a ideia de gest\u00e3o jur\u00eddica. Nosso conceito de Gest\u00e3o Jur\u00eddica Para n\u00f3s, a gest\u00e3o jur\u00eddica representa uma assessoria jur\u00eddica integrada com os demais [&hellip;]<\/p>\n","protected":false},"author":2,"featured_media":0,"parent":0,"menu_order":0,"comment_status":"closed","ping_status":"closed","template":"","meta":{"footnotes":""},"class_list":["post-2338","page","type-page","status-publish","hentry"],"yoast_head":"<!-- This site is optimized with the Yoast SEO plugin v23.4 - https:\/\/yoast.com\/wordpress\/plugins\/seo\/ -->\n<title>Gest\u00e3o Jur\u00eddica - Scholante - Gest\u00e3o Jur\u00eddica de Neg\u00f3cios<\/title>\n<meta name=\"robots\" content=\"index, follow, max-snippet:-1, max-image-preview:large, max-video-preview:-1\" \/>\n<link rel=\"canonical\" href=\"https:\/\/scholante.adv.br\/?page_id=2338\" \/>\n<meta property=\"og:locale\" content=\"pt_BR\" \/>\n<meta property=\"og:type\" content=\"article\" \/>\n<meta property=\"og:title\" content=\"Gest\u00e3o Jur\u00eddica - Scholante - Gest\u00e3o Jur\u00eddica de Neg\u00f3cios\" \/>\n<meta property=\"og:description\" content=\"Por que gest\u00e3o jur\u00eddica? A utiliza\u00e7\u00e3o do termo gest\u00e3o jur\u00eddica normalmente se refere aos temas relacionados \u00e0 organiza\u00e7\u00e3o administrativa, financeira e operacional de escrit\u00f3rios de advocacia e departamentos jur\u00eddicos. N\u00f3s buscamos reformular a ideia de gest\u00e3o jur\u00eddica. Nosso conceito de Gest\u00e3o Jur\u00eddica Para n\u00f3s, a gest\u00e3o jur\u00eddica representa uma assessoria jur\u00eddica integrada com os demais [&hellip;]\" \/>\n<meta property=\"og:url\" content=\"https:\/\/scholante.adv.br\/?page_id=2338\" \/>\n<meta property=\"og:site_name\" content=\"Scholante - Gest\u00e3o Jur\u00eddica de Neg\u00f3cios\" \/>\n<meta property=\"article:modified_time\" content=\"2024-03-21T00:20:57+00:00\" \/>\n<meta property=\"og:image\" content=\"http:\/\/scholante.adv.br\/wp-content\/uploads\/2023\/01\/hands-1.jpg\" \/>\n<meta name=\"twitter:card\" content=\"summary_large_image\" \/>\n<meta name=\"twitter:label1\" content=\"Est. tempo de leitura\" \/>\n\t<meta name=\"twitter:data1\" content=\"2 minutos\" \/>\n<script type=\"application\/ld+json\" class=\"yoast-schema-graph\">{\"@context\":\"https:\/\/schema.org\",\"@graph\":[{\"@type\":\"WebPage\",\"@id\":\"https:\/\/scholante.adv.br\/?page_id=2338\",\"url\":\"https:\/\/scholante.adv.br\/?page_id=2338\",\"name\":\"Gest\u00e3o Jur\u00eddica - Scholante - Gest\u00e3o Jur\u00eddica de Neg\u00f3cios\",\"isPartOf\":{\"@id\":\"https:\/\/scholante.adv.br\/#website\"},\"primaryImageOfPage\":{\"@id\":\"https:\/\/scholante.adv.br\/?page_id=2338#primaryimage\"},\"image\":{\"@id\":\"https:\/\/scholante.adv.br\/?page_id=2338#primaryimage\"},\"thumbnailUrl\":\"http:\/\/scholante.adv.br\/wp-content\/uploads\/2023\/01\/hands-1.jpg\",\"datePublished\":\"2023-01-10T18:56:35+00:00\",\"dateModified\":\"2024-03-21T00:20:57+00:00\",\"breadcrumb\":{\"@id\":\"https:\/\/scholante.adv.br\/?page_id=2338#breadcrumb\"},\"inLanguage\":\"pt-BR\",\"potentialAction\":[{\"@type\":\"ReadAction\",\"target\":[\"https:\/\/scholante.adv.br\/?page_id=2338\"]}]},{\"@type\":\"ImageObject\",\"inLanguage\":\"pt-BR\",\"@id\":\"https:\/\/scholante.adv.br\/?page_id=2338#primaryimage\",\"url\":\"https:\/\/scholante.adv.br\/wp-content\/uploads\/2023\/01\/hands-1.jpg\",\"contentUrl\":\"https:\/\/scholante.adv.br\/wp-content\/uploads\/2023\/01\/hands-1.jpg\",\"width\":894,\"height\":597},{\"@type\":\"BreadcrumbList\",\"@id\":\"https:\/\/scholante.adv.br\/?page_id=2338#breadcrumb\",\"itemListElement\":[{\"@type\":\"ListItem\",\"position\":1,\"name\":\"In\u00edcio\",\"item\":\"https:\/\/scholante.adv.br\/\"},{\"@type\":\"ListItem\",\"position\":2,\"name\":\"Gest\u00e3o Jur\u00eddica\"}]},{\"@type\":\"WebSite\",\"@id\":\"https:\/\/scholante.adv.br\/#website\",\"url\":\"https:\/\/scholante.adv.br\/\",\"name\":\"Scholante - Gest\u00e3o Jur\u00eddica de Neg\u00f3cios\",\"description\":\"Scholante - Gest\u00e3o Jur\u00eddica de Neg\u00f3cios\",\"publisher\":{\"@id\":\"https:\/\/scholante.adv.br\/#organization\"},\"potentialAction\":[{\"@type\":\"SearchAction\",\"target\":{\"@type\":\"EntryPoint\",\"urlTemplate\":\"https:\/\/scholante.adv.br\/?s={search_term_string}\"},\"query-input\":{\"@type\":\"PropertyValueSpecification\",\"valueRequired\":true,\"valueName\":\"search_term_string\"}}],\"inLanguage\":\"pt-BR\"},{\"@type\":\"Organization\",\"@id\":\"https:\/\/scholante.adv.br\/#organization\",\"name\":\"Scholante - Gest\u00e3o Jur\u00eddica de Neg\u00f3cios\",\"url\":\"https:\/\/scholante.adv.br\/\",\"logo\":{\"@type\":\"ImageObject\",\"inLanguage\":\"pt-BR\",\"@id\":\"https:\/\/scholante.adv.br\/#\/schema\/logo\/image\/\",\"url\":\"https:\/\/scholante.adv.br\/wp-content\/uploads\/2021\/06\/Logo-Scholante-Horizontal-03-1.png\",\"contentUrl\":\"https:\/\/scholante.adv.br\/wp-content\/uploads\/2021\/06\/Logo-Scholante-Horizontal-03-1.png\",\"width\":1709,\"height\":622,\"caption\":\"Scholante - Gest\u00e3o Jur\u00eddica de Neg\u00f3cios\"},\"image\":{\"@id\":\"https:\/\/scholante.adv.br\/#\/schema\/logo\/image\/\"}}]}<\/script>\n<!-- \/ Yoast SEO plugin. -->","yoast_head_json":{"title":"Gest\u00e3o Jur\u00eddica - Scholante - Gest\u00e3o Jur\u00eddica de Neg\u00f3cios","robots":{"index":"index","follow":"follow","max-snippet":"max-snippet:-1","max-image-preview":"max-image-preview:large","max-video-preview":"max-video-preview:-1"},"canonical":"https:\/\/scholante.adv.br\/?page_id=2338","og_locale":"pt_BR","og_type":"article","og_title":"Gest\u00e3o Jur\u00eddica - Scholante - Gest\u00e3o Jur\u00eddica de Neg\u00f3cios","og_description":"Por que gest\u00e3o jur\u00eddica? A utiliza\u00e7\u00e3o do termo gest\u00e3o jur\u00eddica normalmente se refere aos temas relacionados \u00e0 organiza\u00e7\u00e3o administrativa, financeira e operacional de escrit\u00f3rios de advocacia e departamentos jur\u00eddicos. N\u00f3s buscamos reformular a ideia de gest\u00e3o jur\u00eddica. Nosso conceito de Gest\u00e3o Jur\u00eddica Para n\u00f3s, a gest\u00e3o jur\u00eddica representa uma assessoria jur\u00eddica integrada com os demais [&hellip;]","og_url":"https:\/\/scholante.adv.br\/?page_id=2338","og_site_name":"Scholante - Gest\u00e3o Jur\u00eddica de Neg\u00f3cios","article_modified_time":"2024-03-21T00:20:57+00:00","og_image":[{"url":"http:\/\/scholante.adv.br\/wp-content\/uploads\/2023\/01\/hands-1.jpg"}],"twitter_card":"summary_large_image","twitter_misc":{"Est. tempo de leitura":"2 minutos"},"schema":{"@context":"https:\/\/schema.org","@graph":[{"@type":"WebPage","@id":"https:\/\/scholante.adv.br\/?page_id=2338","url":"https:\/\/scholante.adv.br\/?page_id=2338","name":"Gest\u00e3o Jur\u00eddica - Scholante - Gest\u00e3o Jur\u00eddica de Neg\u00f3cios","isPartOf":{"@id":"https:\/\/scholante.adv.br\/#website"},"primaryImageOfPage":{"@id":"https:\/\/scholante.adv.br\/?page_id=2338#primaryimage"},"image":{"@id":"https:\/\/scholante.adv.br\/?page_id=2338#primaryimage"},"thumbnailUrl":"http:\/\/scholante.adv.br\/wp-content\/uploads\/2023\/01\/hands-1.jpg","datePublished":"2023-01-10T18:56:35+00:00","dateModified":"2024-03-21T00:20:57+00:00","breadcrumb":{"@id":"https:\/\/scholante.adv.br\/?page_id=2338#breadcrumb"},"inLanguage":"pt-BR","potentialAction":[{"@type":"ReadAction","target":["https:\/\/scholante.adv.br\/?page_id=2338"]}]},{"@type":"ImageObject","inLanguage":"pt-BR","@id":"https:\/\/scholante.adv.br\/?page_id=2338#primaryimage","url":"https:\/\/scholante.adv.br\/wp-content\/uploads\/2023\/01\/hands-1.jpg","contentUrl":"https:\/\/scholante.adv.br\/wp-content\/uploads\/2023\/01\/hands-1.jpg","width":894,"height":597},{"@type":"BreadcrumbList","@id":"https:\/\/scholante.adv.br\/?page_id=2338#breadcrumb","itemListElement":[{"@type":"ListItem","position":1,"name":"In\u00edcio","item":"https:\/\/scholante.adv.br\/"},{"@type":"ListItem","position":2,"name":"Gest\u00e3o Jur\u00eddica"}]},{"@type":"WebSite","@id":"https:\/\/scholante.adv.br\/#website","url":"https:\/\/scholante.adv.br\/","name":"Scholante - Gest\u00e3o Jur\u00eddica de Neg\u00f3cios","description":"Scholante - Gest\u00e3o Jur\u00eddica de Neg\u00f3cios","publisher":{"@id":"https:\/\/scholante.adv.br\/#organization"},"potentialAction":[{"@type":"SearchAction","target":{"@type":"EntryPoint","urlTemplate":"https:\/\/scholante.adv.br\/?s={search_term_string}"},"query-input":{"@type":"PropertyValueSpecification","valueRequired":true,"valueName":"search_term_string"}}],"inLanguage":"pt-BR"},{"@type":"Organization","@id":"https:\/\/scholante.adv.br\/#organization","name":"Scholante - Gest\u00e3o Jur\u00eddica de Neg\u00f3cios","url":"https:\/\/scholante.adv.br\/","logo":{"@type":"ImageObject","inLanguage":"pt-BR","@id":"https:\/\/scholante.adv.br\/#\/schema\/logo\/image\/","url":"https:\/\/scholante.adv.br\/wp-content\/uploads\/2021\/06\/Logo-Scholante-Horizontal-03-1.png","contentUrl":"https:\/\/scholante.adv.br\/wp-content\/uploads\/2021\/06\/Logo-Scholante-Horizontal-03-1.png","width":1709,"height":622,"caption":"Scholante - Gest\u00e3o Jur\u00eddica de Neg\u00f3cios"},"image":{"@id":"https:\/\/scholante.adv.br\/#\/schema\/logo\/image\/"}}]}},"_links":{"self":[{"href":"https:\/\/scholante.adv.br\/index.php?rest_route=\/wp\/v2\/pages\/2338","targetHints":{"allow":["GET"]}}],"collection":[{"href":"https:\/\/scholante.adv.br\/index.php?rest_route=\/wp\/v2\/pages"}],"about":[{"href":"https:\/\/scholante.adv.br\/index.php?rest_route=\/wp\/v2\/types\/page"}],"author":[{"embeddable":true,"href":"https:\/\/scholante.adv.br\/index.php?rest_route=\/wp\/v2\/users\/2"}],"replies":[{"embeddable":true,"href":"https:\/\/scholante.adv.br\/index.php?rest_route=%2Fwp%2Fv2%2Fcomments&post=2338"}],"version-history":[{"count":39,"href":"https:\/\/scholante.adv.br\/index.php?rest_route=\/wp\/v2\/pages\/2338\/revisions"}],"predecessor-version":[{"id":3468,"href":"https:\/\/scholante.adv.br\/index.php?rest_route=\/wp\/v2\/pages\/2338\/revisions\/3468"}],"wp:attachment":[{"href":"https:\/\/scholante.adv.br\/index.php?rest_route=%2Fwp%2Fv2%2Fmedia&parent=2338"}],"curies":[{"name":"wp","href":"https:\/\/api.w.org\/{rel}","templated":true}]}}