{"id":15,"date":"2021-06-21T09:20:21","date_gmt":"2021-06-21T12:20:21","guid":{"rendered":"https:\/\/scholante.com\/?page_id=15"},"modified":"2024-03-21T09:05:32","modified_gmt":"2024-03-21T12:05:32","slug":"contato","status":"publish","type":"page","link":"https:\/\/scholante.adv.br\/?page_id=15","title":{"rendered":"Contato"},"content":{"rendered":"\t\t<div data-elementor-type=\"wp-page\" data-elementor-id=\"15\" class=\"elementor elementor-15\" data-elementor-post-type=\"page\">\n\t\t\t\t\t\t<section class=\"elementor-section elementor-top-section elementor-element elementor-element-1ede145c elementor-section-full_width elementor-section-height-default elementor-section-height-default\" data-id=\"1ede145c\" data-element_type=\"section\">\n\t\t\t\t\t\t<div class=\"elementor-container elementor-column-gap-no\">\n\t\t\t\t\t<div class=\"elementor-column elementor-col-100 elementor-top-column elementor-element elementor-element-7ddf912e\" data-id=\"7ddf912e\" data-element_type=\"column\">\n\t\t\t<div class=\"elementor-widget-wrap elementor-element-populated\">\n\t\t\t\t\t\t<div class=\"elementor-element elementor-element-17d7ebf5 elementor-widget elementor-widget-menu-anchor\" data-id=\"17d7ebf5\" data-element_type=\"widget\" data-widget_type=\"menu-anchor.default\">\n\t\t\t\t<div class=\"elementor-widget-container\">\n\t\t\t\t\t<div class=\"elementor-menu-anchor\" id=\"topo\"><\/div>\n\t\t\t\t<\/div>\n\t\t\t\t<\/div>\n\t\t\t\t\t<\/div>\n\t\t<\/div>\n\t\t\t\t\t<\/div>\n\t\t<\/section>\n\t\t\t\t<section class=\"elementor-section elementor-top-section elementor-element elementor-element-6030945 elementor-section-boxed elementor-section-height-default elementor-section-height-default\" data-id=\"6030945\" data-element_type=\"section\">\n\t\t\t\t\t\t<div class=\"elementor-container elementor-column-gap-default\">\n\t\t\t\t\t<div class=\"elementor-column elementor-col-50 elementor-top-column elementor-element elementor-element-beaf399\" data-id=\"beaf399\" data-element_type=\"column\">\n\t\t\t<div class=\"elementor-widget-wrap elementor-element-populated\">\n\t\t\t\t\t\t<div class=\"elementor-element elementor-element-3dcbb03 elementor-widget elementor-widget-text-editor\" data-id=\"3dcbb03\" data-element_type=\"widget\" data-widget_type=\"text-editor.default\">\n\t\t\t\t<div class=\"elementor-widget-container\">\n\t\t\t\t\t\t\tENTRE EM <strong>CONTATO<\/strong>\t\t\t\t\t\t<\/div>\n\t\t\t\t<\/div>\n\t\t\t\t<div class=\"elementor-element elementor-element-43d64b9 elementor-widget elementor-widget-text-editor\" data-id=\"43d64b9\" data-element_type=\"widget\" data-widget_type=\"text-editor.default\">\n\t\t\t\t<div class=\"elementor-widget-container\">\n\t\t\t\t\t\t\t<p>Preencha o formul\u00e1rio que um dos nossos especialistas entrar\u00e1 em contato.<\/p>\t\t\t\t\t\t<\/div>\n\t\t\t\t<\/div>\n\t\t\t\t<div class=\"elementor-element elementor-element-f2923d1 elementor-button-align-stretch elementor-widget elementor-widget-form\" data-id=\"f2923d1\" data-element_type=\"widget\" data-settings=\"{&quot;step_next_label&quot;:&quot;Next&quot;,&quot;step_previous_label&quot;:&quot;Previous&quot;,&quot;button_width&quot;:&quot;100&quot;,&quot;step_type&quot;:&quot;number_text&quot;,&quot;step_icon_shape&quot;:&quot;circle&quot;}\" data-widget_type=\"form.default\">\n\t\t\t\t<div class=\"elementor-widget-container\">\n\t\t\t\t\t<form class=\"elementor-form\" method=\"post\" name=\"Formul\u00e1rio\">\n\t\t\t<input type=\"hidden\" name=\"post_id\" value=\"15\"\/>\n\t\t\t<input type=\"hidden\" name=\"form_id\" value=\"f2923d1\"\/>\n\t\t\t<input type=\"hidden\" name=\"referer_title\" value=\"Scholante &#8211; Gest\u00e3o Jur\u00eddica de Neg\u00f3cios\" \/>\n\n\t\t\t\n\t\t\t<div class=\"elementor-form-fields-wrapper elementor-labels-\">\n\t\t\t\t\t\t\t\t<div class=\"elementor-field-type-text elementor-field-group elementor-column elementor-field-group-name elementor-col-50\">\n\t\t\t\t\t\t\t\t\t\t\t\t<label for=\"form-field-name\" class=\"elementor-field-label elementor-screen-only\">\n\t\t\t\t\t\t\t\tnome\t\t\t\t\t\t\t<\/label>\n\t\t\t\t\t\t\t\t\t\t\t\t\t\t<input size=\"1\" type=\"text\" name=\"form_fields[name]\" id=\"form-field-name\" class=\"elementor-field elementor-size-sm  elementor-field-textual\" placeholder=\"nome\">\n\t\t\t\t\t\t\t\t\t\t\t<\/div>\n\t\t\t\t\t\t\t\t<div class=\"elementor-field-type-tel elementor-field-group elementor-column elementor-field-group-field_aed275c elementor-col-50 elementor-field-required\">\n\t\t\t\t\t\t\t\t\t\t\t\t<label for=\"form-field-field_aed275c\" class=\"elementor-field-label elementor-screen-only\">\n\t\t\t\t\t\t\t\ttelefone\t\t\t\t\t\t\t<\/label>\n\t\t\t\t\t\t\t\t<input size=\"1\" type=\"tel\" name=\"form_fields[field_aed275c]\" id=\"form-field-field_aed275c\" class=\"elementor-field elementor-size-sm  elementor-field-textual\" placeholder=\"telefone\" required=\"required\" aria-required=\"true\" pattern=\"[0-9()#&amp;+*-=.]+\" title=\"Apenas n\u00fameros e caracteres de telefone (#, -, *, etc.) s\u00e3o aceitos.\">\n\n\t\t\t\t\t\t<\/div>\n\t\t\t\t\t\t\t\t<div class=\"elementor-field-type-email elementor-field-group elementor-column elementor-field-group-email elementor-col-100 elementor-field-required\">\n\t\t\t\t\t\t\t\t\t\t\t\t<label for=\"form-field-email\" class=\"elementor-field-label elementor-screen-only\">\n\t\t\t\t\t\t\t\te-mail\t\t\t\t\t\t\t<\/label>\n\t\t\t\t\t\t\t\t\t\t\t\t\t\t<input size=\"1\" type=\"email\" name=\"form_fields[email]\" id=\"form-field-email\" class=\"elementor-field elementor-size-sm  elementor-field-textual\" placeholder=\"e-mail\" required=\"required\" aria-required=\"true\">\n\t\t\t\t\t\t\t\t\t\t\t<\/div>\n\t\t\t\t\t\t\t\t<div class=\"elementor-field-type-textarea elementor-field-group elementor-column elementor-field-group-message elementor-col-100\">\n\t\t\t\t\t\t\t\t\t\t\t\t<label for=\"form-field-message\" class=\"elementor-field-label elementor-screen-only\">\n\t\t\t\t\t\t\t\tmensagem\t\t\t\t\t\t\t<\/label>\n\t\t\t\t\t\t<textarea class=\"elementor-field-textual elementor-field  elementor-size-sm\" name=\"form_fields[message]\" id=\"form-field-message\" rows=\"7\" placeholder=\"mensagem\"><\/textarea>\t\t\t\t<\/div>\n\t\t\t\t\t\t\t\t<div class=\"elementor-field-group elementor-column elementor-field-type-submit elementor-col-100 e-form__buttons\">\n\t\t\t\t\t<button type=\"submit\" class=\"elementor-button elementor-size-xs\">\n\t\t\t\t\t\t<span >\n\t\t\t\t\t\t\t\t\t\t\t\t\t\t\t<span class=\" elementor-button-icon\">\n\t\t\t\t\t\t\t\t\t\t\t\t\t\t\t\t\t\t\t\t\t\t\t\t\t\t<\/span>\n\t\t\t\t\t\t\t\t\t\t\t\t\t\t\t\t\t\t\t\t\t\t<span class=\"elementor-button-text\">Enviar<\/span>\n\t\t\t\t\t\t\t\t\t\t\t\t\t<\/span>\n\t\t\t\t\t<\/button>\n\t\t\t\t<\/div>\n\t\t\t<\/div>\n\t\t<\/form>\n\t\t\t\t<\/div>\n\t\t\t\t<\/div>\n\t\t\t\t\t<\/div>\n\t\t<\/div>\n\t\t\t\t<div class=\"elementor-column elementor-col-50 elementor-top-column elementor-element elementor-element-c9eaee2\" data-id=\"c9eaee2\" data-element_type=\"column\">\n\t\t\t<div class=\"elementor-widget-wrap elementor-element-populated\">\n\t\t\t\t\t\t<div class=\"elementor-element elementor-element-a137c1a elementor-widget elementor-widget-google_maps\" data-id=\"a137c1a\" data-element_type=\"widget\" data-widget_type=\"google_maps.default\">\n\t\t\t\t<div class=\"elementor-widget-container\">\n\t\t\t\t\t<div class=\"elementor-custom-embed\">\n\t\t\t<iframe loading=\"lazy\"\n\t\t\t\t\tsrc=\"https:\/\/maps.google.com\/maps?q=Av%20do%20Estado%20Dalmo%20Vieira%202425&#038;t=m&#038;z=16&#038;output=embed&#038;iwloc=near\"\n\t\t\t\t\ttitle=\"Av do Estado Dalmo Vieira 2425\"\n\t\t\t\t\taria-label=\"Av do Estado Dalmo Vieira 2425\"\n\t\t\t><\/iframe>\n\t\t<\/div>\n\t\t\t\t<\/div>\n\t\t\t\t<\/div>\n\t\t\t\t\t<\/div>\n\t\t<\/div>\n\t\t\t\t\t<\/div>\n\t\t<\/section>\n\t\t\t\t<\/div>\n\t\t","protected":false},"excerpt":{"rendered":"<p>ENTRE EM CONTATO Preencha o formul\u00e1rio que um dos nossos especialistas entrar\u00e1 em contato.<\/p>\n","protected":false},"author":2,"featured_media":0,"parent":0,"menu_order":0,"comment_status":"closed","ping_status":"closed","template":"","meta":{"footnotes":""},"class_list":["post-15","page","type-page","status-publish","hentry"],"yoast_head":"<!-- This site is optimized with the Yoast SEO plugin v23.4 - https:\/\/yoast.com\/wordpress\/plugins\/seo\/ -->\n<title>Contato - Scholante - Gest\u00e3o Jur\u00eddica de Neg\u00f3cios<\/title>\n<meta name=\"robots\" content=\"index, follow, max-snippet:-1, max-image-preview:large, max-video-preview:-1\" \/>\n<link rel=\"canonical\" href=\"https:\/\/scholante.adv.br\/?page_id=15\" \/>\n<meta property=\"og:locale\" content=\"pt_BR\" \/>\n<meta property=\"og:type\" content=\"article\" \/>\n<meta property=\"og:title\" content=\"Contato - Scholante - Gest\u00e3o Jur\u00eddica de Neg\u00f3cios\" \/>\n<meta property=\"og:description\" content=\"ENTRE EM CONTATO Preencha o formul\u00e1rio que um dos nossos especialistas entrar\u00e1 em contato.\" \/>\n<meta property=\"og:url\" content=\"https:\/\/scholante.adv.br\/?page_id=15\" \/>\n<meta property=\"og:site_name\" content=\"Scholante - Gest\u00e3o Jur\u00eddica de Neg\u00f3cios\" \/>\n<meta property=\"article:modified_time\" content=\"2024-03-21T12:05:32+00:00\" \/>\n<meta name=\"twitter:card\" content=\"summary_large_image\" \/>\n<meta name=\"twitter:label1\" content=\"Est. tempo de leitura\" \/>\n\t<meta name=\"twitter:data1\" content=\"1 minuto\" \/>\n<script type=\"application\/ld+json\" class=\"yoast-schema-graph\">{\"@context\":\"https:\/\/schema.org\",\"@graph\":[{\"@type\":\"WebPage\",\"@id\":\"https:\/\/scholante.adv.br\/?page_id=15\",\"url\":\"https:\/\/scholante.adv.br\/?page_id=15\",\"name\":\"Contato - Scholante - Gest\u00e3o Jur\u00eddica de Neg\u00f3cios\",\"isPartOf\":{\"@id\":\"https:\/\/scholante.adv.br\/#website\"},\"datePublished\":\"2021-06-21T12:20:21+00:00\",\"dateModified\":\"2024-03-21T12:05:32+00:00\",\"breadcrumb\":{\"@id\":\"https:\/\/scholante.adv.br\/?page_id=15#breadcrumb\"},\"inLanguage\":\"pt-BR\",\"potentialAction\":[{\"@type\":\"ReadAction\",\"target\":[\"https:\/\/scholante.adv.br\/?page_id=15\"]}]},{\"@type\":\"BreadcrumbList\",\"@id\":\"https:\/\/scholante.adv.br\/?page_id=15#breadcrumb\",\"itemListElement\":[{\"@type\":\"ListItem\",\"position\":1,\"name\":\"In\u00edcio\",\"item\":\"https:\/\/scholante.adv.br\/\"},{\"@type\":\"ListItem\",\"position\":2,\"name\":\"Contato\"}]},{\"@type\":\"WebSite\",\"@id\":\"https:\/\/scholante.adv.br\/#website\",\"url\":\"https:\/\/scholante.adv.br\/\",\"name\":\"Scholante - Gest\u00e3o Jur\u00eddica de Neg\u00f3cios\",\"description\":\"Scholante - Gest\u00e3o Jur\u00eddica de Neg\u00f3cios\",\"publisher\":{\"@id\":\"https:\/\/scholante.adv.br\/#organization\"},\"potentialAction\":[{\"@type\":\"SearchAction\",\"target\":{\"@type\":\"EntryPoint\",\"urlTemplate\":\"https:\/\/scholante.adv.br\/?s={search_term_string}\"},\"query-input\":{\"@type\":\"PropertyValueSpecification\",\"valueRequired\":true,\"valueName\":\"search_term_string\"}}],\"inLanguage\":\"pt-BR\"},{\"@type\":\"Organization\",\"@id\":\"https:\/\/scholante.adv.br\/#organization\",\"name\":\"Scholante - Gest\u00e3o Jur\u00eddica de Neg\u00f3cios\",\"url\":\"https:\/\/scholante.adv.br\/\",\"logo\":{\"@type\":\"ImageObject\",\"inLanguage\":\"pt-BR\",\"@id\":\"https:\/\/scholante.adv.br\/#\/schema\/logo\/image\/\",\"url\":\"https:\/\/scholante.adv.br\/wp-content\/uploads\/2021\/06\/Logo-Scholante-Horizontal-03-1.png\",\"contentUrl\":\"https:\/\/scholante.adv.br\/wp-content\/uploads\/2021\/06\/Logo-Scholante-Horizontal-03-1.png\",\"width\":1709,\"height\":622,\"caption\":\"Scholante - Gest\u00e3o Jur\u00eddica de Neg\u00f3cios\"},\"image\":{\"@id\":\"https:\/\/scholante.adv.br\/#\/schema\/logo\/image\/\"}}]}<\/script>\n<!-- \/ Yoast SEO plugin. -->","yoast_head_json":{"title":"Contato - Scholante - Gest\u00e3o Jur\u00eddica de Neg\u00f3cios","robots":{"index":"index","follow":"follow","max-snippet":"max-snippet:-1","max-image-preview":"max-image-preview:large","max-video-preview":"max-video-preview:-1"},"canonical":"https:\/\/scholante.adv.br\/?page_id=15","og_locale":"pt_BR","og_type":"article","og_title":"Contato - Scholante - Gest\u00e3o Jur\u00eddica de Neg\u00f3cios","og_description":"ENTRE EM CONTATO Preencha o formul\u00e1rio que um dos nossos especialistas entrar\u00e1 em contato.","og_url":"https:\/\/scholante.adv.br\/?page_id=15","og_site_name":"Scholante - Gest\u00e3o Jur\u00eddica de Neg\u00f3cios","article_modified_time":"2024-03-21T12:05:32+00:00","twitter_card":"summary_large_image","twitter_misc":{"Est. tempo de leitura":"1 minuto"},"schema":{"@context":"https:\/\/schema.org","@graph":[{"@type":"WebPage","@id":"https:\/\/scholante.adv.br\/?page_id=15","url":"https:\/\/scholante.adv.br\/?page_id=15","name":"Contato - Scholante - Gest\u00e3o Jur\u00eddica de Neg\u00f3cios","isPartOf":{"@id":"https:\/\/scholante.adv.br\/#website"},"datePublished":"2021-06-21T12:20:21+00:00","dateModified":"2024-03-21T12:05:32+00:00","breadcrumb":{"@id":"https:\/\/scholante.adv.br\/?page_id=15#breadcrumb"},"inLanguage":"pt-BR","potentialAction":[{"@type":"ReadAction","target":["https:\/\/scholante.adv.br\/?page_id=15"]}]},{"@type":"BreadcrumbList","@id":"https:\/\/scholante.adv.br\/?page_id=15#breadcrumb","itemListElement":[{"@type":"ListItem","position":1,"name":"In\u00edcio","item":"https:\/\/scholante.adv.br\/"},{"@type":"ListItem","position":2,"name":"Contato"}]},{"@type":"WebSite","@id":"https:\/\/scholante.adv.br\/#website","url":"https:\/\/scholante.adv.br\/","name":"Scholante - Gest\u00e3o Jur\u00eddica de Neg\u00f3cios","description":"Scholante - Gest\u00e3o Jur\u00eddica de Neg\u00f3cios","publisher":{"@id":"https:\/\/scholante.adv.br\/#organization"},"potentialAction":[{"@type":"SearchAction","target":{"@type":"EntryPoint","urlTemplate":"https:\/\/scholante.adv.br\/?s={search_term_string}"},"query-input":{"@type":"PropertyValueSpecification","valueRequired":true,"valueName":"search_term_string"}}],"inLanguage":"pt-BR"},{"@type":"Organization","@id":"https:\/\/scholante.adv.br\/#organization","name":"Scholante - Gest\u00e3o Jur\u00eddica de Neg\u00f3cios","url":"https:\/\/scholante.adv.br\/","logo":{"@type":"ImageObject","inLanguage":"pt-BR","@id":"https:\/\/scholante.adv.br\/#\/schema\/logo\/image\/","url":"https:\/\/scholante.adv.br\/wp-content\/uploads\/2021\/06\/Logo-Scholante-Horizontal-03-1.png","contentUrl":"https:\/\/scholante.adv.br\/wp-content\/uploads\/2021\/06\/Logo-Scholante-Horizontal-03-1.png","width":1709,"height":622,"caption":"Scholante - Gest\u00e3o Jur\u00eddica de Neg\u00f3cios"},"image":{"@id":"https:\/\/scholante.adv.br\/#\/schema\/logo\/image\/"}}]}},"_links":{"self":[{"href":"https:\/\/scholante.adv.br\/index.php?rest_route=\/wp\/v2\/pages\/15","targetHints":{"allow":["GET"]}}],"collection":[{"href":"https:\/\/scholante.adv.br\/index.php?rest_route=\/wp\/v2\/pages"}],"about":[{"href":"https:\/\/scholante.adv.br\/index.php?rest_route=\/wp\/v2\/types\/page"}],"author":[{"embeddable":true,"href":"https:\/\/scholante.adv.br\/index.php?rest_route=\/wp\/v2\/users\/2"}],"replies":[{"embeddable":true,"href":"https:\/\/scholante.adv.br\/index.php?rest_route=%2Fwp%2Fv2%2Fcomments&post=15"}],"version-history":[{"count":25,"href":"https:\/\/scholante.adv.br\/index.php?rest_route=\/wp\/v2\/pages\/15\/revisions"}],"predecessor-version":[{"id":3480,"href":"https:\/\/scholante.adv.br\/index.php?rest_route=\/wp\/v2\/pages\/15\/revisions\/3480"}],"wp:attachment":[{"href":"https:\/\/scholante.adv.br\/index.php?rest_route=%2Fwp%2Fv2%2Fmedia&parent=15"}],"curies":[{"name":"wp","href":"https:\/\/api.w.org\/{rel}","templated":true}]}}