{"id":11,"date":"2021-06-21T09:19:55","date_gmt":"2021-06-21T12:19:55","guid":{"rendered":"https:\/\/scholante.com\/?page_id=11"},"modified":"2024-03-21T09:20:01","modified_gmt":"2024-03-21T12:20:01","slug":"areas-de-atuacao","status":"publish","type":"page","link":"https:\/\/scholante.adv.br\/?page_id=11","title":{"rendered":"\u00c1reas de Atua\u00e7\u00e3o"},"content":{"rendered":"\t\t<div data-elementor-type=\"wp-page\" data-elementor-id=\"11\" class=\"elementor elementor-11\" data-elementor-post-type=\"page\">\n\t\t\t\t\t\t<section class=\"elementor-section elementor-top-section elementor-element elementor-element-5b0cce07 elementor-section-full_width elementor-section-height-default elementor-section-height-default\" data-id=\"5b0cce07\" data-element_type=\"section\">\n\t\t\t\t\t\t<div class=\"elementor-container elementor-column-gap-no\">\n\t\t\t\t\t<div class=\"elementor-column elementor-col-100 elementor-top-column elementor-element elementor-element-4d2ab6e\" data-id=\"4d2ab6e\" data-element_type=\"column\">\n\t\t\t<div class=\"elementor-widget-wrap elementor-element-populated\">\n\t\t\t\t\t\t<div class=\"elementor-element elementor-element-3eb6dfce elementor-widget elementor-widget-menu-anchor\" data-id=\"3eb6dfce\" data-element_type=\"widget\" data-widget_type=\"menu-anchor.default\">\n\t\t\t\t<div class=\"elementor-widget-container\">\n\t\t\t\t\t<div class=\"elementor-menu-anchor\" id=\"topo\"><\/div>\n\t\t\t\t<\/div>\n\t\t\t\t<\/div>\n\t\t\t\t\t<\/div>\n\t\t<\/div>\n\t\t\t\t\t<\/div>\n\t\t<\/section>\n\t\t\t\t<section class=\"elementor-section elementor-top-section elementor-element elementor-element-39cfe82 elementor-section-boxed elementor-section-height-default elementor-section-height-default\" data-id=\"39cfe82\" data-element_type=\"section\">\n\t\t\t\t\t\t<div class=\"elementor-container elementor-column-gap-default\">\n\t\t\t\t\t<div class=\"elementor-column elementor-col-100 elementor-top-column elementor-element elementor-element-de306fa\" data-id=\"de306fa\" data-element_type=\"column\">\n\t\t\t<div class=\"elementor-widget-wrap elementor-element-populated\">\n\t\t\t\t\t\t<div class=\"elementor-element elementor-element-57d2eb71 elementor-widget elementor-widget-heading\" data-id=\"57d2eb71\" data-element_type=\"widget\" data-widget_type=\"heading.default\">\n\t\t\t\t<div class=\"elementor-widget-container\">\n\t\t\t<h1 class=\"elementor-heading-title elementor-size-default\"><b>\u00c1REAS <\/b>DE ATUA\u00c7\u00c3O<\/h1>\t\t<\/div>\n\t\t\t\t<\/div>\n\t\t\t\t\t<\/div>\n\t\t<\/div>\n\t\t\t\t\t<\/div>\n\t\t<\/section>\n\t\t\t\t<section class=\"elementor-section elementor-top-section elementor-element elementor-element-486b876 elementor-section-boxed elementor-section-height-default elementor-section-height-default\" data-id=\"486b876\" data-element_type=\"section\" data-settings=\"{&quot;background_background&quot;:&quot;classic&quot;}\">\n\t\t\t\t\t\t<div class=\"elementor-container elementor-column-gap-default\">\n\t\t\t\t\t<div class=\"elementor-column elementor-col-33 elementor-top-column elementor-element elementor-element-3090d94\" data-id=\"3090d94\" data-element_type=\"column\" data-settings=\"{&quot;background_background&quot;:&quot;gradient&quot;}\">\n\t\t\t<div class=\"elementor-widget-wrap elementor-element-populated\">\n\t\t\t\t\t\t<div class=\"elementor-element elementor-element-f8c06e1 elementor-widget elementor-widget-image\" data-id=\"f8c06e1\" data-element_type=\"widget\" data-widget_type=\"image.default\">\n\t\t\t\t<div class=\"elementor-widget-container\">\n\t\t\t\t\t\t\t\t\t\t\t\t\t<img decoding=\"async\" width=\"358\" height=\"86\" src=\"https:\/\/scholante.adv.br\/wp-content\/uploads\/2023\/01\/Gestao-juridica-de-Empresas-1.png\" class=\"attachment-large size-large wp-image-2230\" alt=\"\" srcset=\"https:\/\/scholante.adv.br\/wp-content\/uploads\/2023\/01\/Gestao-juridica-de-Empresas-1.png 358w, https:\/\/scholante.adv.br\/wp-content\/uploads\/2023\/01\/Gestao-juridica-de-Empresas-1-300x72.png 300w\" sizes=\"(max-width: 358px) 100vw, 358px\" \/>\t\t\t\t\t\t\t\t\t\t\t\t\t<\/div>\n\t\t\t\t<\/div>\n\t\t\t\t<div class=\"elementor-element elementor-element-e993035 elementor-widget elementor-widget-heading\" data-id=\"e993035\" data-element_type=\"widget\" data-widget_type=\"heading.default\">\n\t\t\t\t<div class=\"elementor-widget-container\">\n\t\t\t<h2 class=\"elementor-heading-title elementor-size-default\">Gest\u00e3o jur\u00eddica de Empresas\n<\/h2>\t\t<\/div>\n\t\t\t\t<\/div>\n\t\t\t\t<div class=\"elementor-element elementor-element-f19506f elementor-widget elementor-widget-button\" data-id=\"f19506f\" data-element_type=\"widget\" data-widget_type=\"button.default\">\n\t\t\t\t<div class=\"elementor-widget-container\">\n\t\t\t\t\t<div class=\"elementor-button-wrapper\">\n\t\t\t<a class=\"elementor-button elementor-button-link elementor-size-xs\" href=\"#elementor-action%3Aaction%3Dpopup%3Aopen%26settings%3DeyJpZCI6IjIxNjQiLCJ0b2dnbGUiOmZhbHNlfQ%3D%3D\">\n\t\t\t\t\t\t<span class=\"elementor-button-content-wrapper\">\n\t\t\t\t\t\t\t\t\t<span class=\"elementor-button-text\">LEIA MAIS<\/span>\n\t\t\t\t\t<\/span>\n\t\t\t\t\t<\/a>\n\t\t<\/div>\n\t\t\t\t<\/div>\n\t\t\t\t<\/div>\n\t\t\t\t\t<\/div>\n\t\t<\/div>\n\t\t\t\t<div class=\"elementor-column elementor-col-33 elementor-top-column elementor-element elementor-element-b649ae5\" data-id=\"b649ae5\" data-element_type=\"column\" data-settings=\"{&quot;background_background&quot;:&quot;gradient&quot;}\">\n\t\t\t<div class=\"elementor-widget-wrap elementor-element-populated\">\n\t\t\t\t\t\t<div class=\"elementor-element elementor-element-a75095e elementor-widget elementor-widget-image\" data-id=\"a75095e\" data-element_type=\"widget\" data-widget_type=\"image.default\">\n\t\t\t\t<div class=\"elementor-widget-container\">\n\t\t\t\t\t\t\t\t\t\t\t\t\t<img decoding=\"async\" width=\"358\" height=\"106\" src=\"https:\/\/scholante.adv.br\/wp-content\/uploads\/2023\/01\/Direito-Tributario-1.png\" class=\"attachment-large size-large wp-image-2232\" alt=\"\" srcset=\"https:\/\/scholante.adv.br\/wp-content\/uploads\/2023\/01\/Direito-Tributario-1.png 358w, https:\/\/scholante.adv.br\/wp-content\/uploads\/2023\/01\/Direito-Tributario-1-300x89.png 300w\" sizes=\"(max-width: 358px) 100vw, 358px\" \/>\t\t\t\t\t\t\t\t\t\t\t\t\t<\/div>\n\t\t\t\t<\/div>\n\t\t\t\t<div class=\"elementor-element elementor-element-84706ee elementor-widget elementor-widget-heading\" data-id=\"84706ee\" data-element_type=\"widget\" data-widget_type=\"heading.default\">\n\t\t\t\t<div class=\"elementor-widget-container\">\n\t\t\t<h2 class=\"elementor-heading-title elementor-size-default\">Direito Tribut\u00e1rio<\/h2>\t\t<\/div>\n\t\t\t\t<\/div>\n\t\t\t\t<div class=\"elementor-element elementor-element-4dd0047 elementor-widget elementor-widget-button\" data-id=\"4dd0047\" data-element_type=\"widget\" data-widget_type=\"button.default\">\n\t\t\t\t<div class=\"elementor-widget-container\">\n\t\t\t\t\t<div class=\"elementor-button-wrapper\">\n\t\t\t<a class=\"elementor-button elementor-button-link elementor-size-xs\" href=\"#elementor-action%3Aaction%3Dpopup%3Aopen%26settings%3DeyJpZCI6IjIxODEiLCJ0b2dnbGUiOmZhbHNlfQ%3D%3D\">\n\t\t\t\t\t\t<span class=\"elementor-button-content-wrapper\">\n\t\t\t\t\t\t\t\t\t<span class=\"elementor-button-text\">LEIA MAIS<\/span>\n\t\t\t\t\t<\/span>\n\t\t\t\t\t<\/a>\n\t\t<\/div>\n\t\t\t\t<\/div>\n\t\t\t\t<\/div>\n\t\t\t\t\t<\/div>\n\t\t<\/div>\n\t\t\t\t<div class=\"elementor-column elementor-col-33 elementor-top-column elementor-element elementor-element-c5e6a83\" data-id=\"c5e6a83\" data-element_type=\"column\" data-settings=\"{&quot;background_background&quot;:&quot;gradient&quot;}\">\n\t\t\t<div class=\"elementor-widget-wrap elementor-element-populated\">\n\t\t\t\t\t\t<div class=\"elementor-element elementor-element-113d262 elementor-widget elementor-widget-image\" data-id=\"113d262\" data-element_type=\"widget\" data-widget_type=\"image.default\">\n\t\t\t\t<div class=\"elementor-widget-container\">\n\t\t\t\t\t\t\t\t\t\t\t\t\t<img decoding=\"async\" width=\"358\" height=\"86\" src=\"https:\/\/scholante.adv.br\/wp-content\/uploads\/2023\/01\/Direito-Aduaneiro_.png\" class=\"attachment-large size-large wp-image-2234\" alt=\"\" srcset=\"https:\/\/scholante.adv.br\/wp-content\/uploads\/2023\/01\/Direito-Aduaneiro_.png 358w, https:\/\/scholante.adv.br\/wp-content\/uploads\/2023\/01\/Direito-Aduaneiro_-300x72.png 300w\" sizes=\"(max-width: 358px) 100vw, 358px\" \/>\t\t\t\t\t\t\t\t\t\t\t\t\t<\/div>\n\t\t\t\t<\/div>\n\t\t\t\t<div class=\"elementor-element elementor-element-0ec35f3 elementor-widget elementor-widget-heading\" data-id=\"0ec35f3\" data-element_type=\"widget\" data-widget_type=\"heading.default\">\n\t\t\t\t<div class=\"elementor-widget-container\">\n\t\t\t<h2 class=\"elementor-heading-title elementor-size-default\">Direito Aduaneiro<\/h2>\t\t<\/div>\n\t\t\t\t<\/div>\n\t\t\t\t<div class=\"elementor-element elementor-element-d2158dd elementor-widget elementor-widget-button\" data-id=\"d2158dd\" data-element_type=\"widget\" data-widget_type=\"button.default\">\n\t\t\t\t<div class=\"elementor-widget-container\">\n\t\t\t\t\t<div class=\"elementor-button-wrapper\">\n\t\t\t<a class=\"elementor-button elementor-button-link elementor-size-xs\" href=\"#elementor-action%3Aaction%3Dpopup%3Aopen%26settings%3DeyJpZCI6IjIxOTQiLCJ0b2dnbGUiOmZhbHNlfQ%3D%3D\">\n\t\t\t\t\t\t<span class=\"elementor-button-content-wrapper\">\n\t\t\t\t\t\t\t\t\t<span class=\"elementor-button-text\">LEIA MAIS<\/span>\n\t\t\t\t\t<\/span>\n\t\t\t\t\t<\/a>\n\t\t<\/div>\n\t\t\t\t<\/div>\n\t\t\t\t<\/div>\n\t\t\t\t\t<\/div>\n\t\t<\/div>\n\t\t\t\t\t<\/div>\n\t\t<\/section>\n\t\t\t\t<section class=\"elementor-section elementor-top-section elementor-element elementor-element-7c289c6 elementor-section-boxed elementor-section-height-default elementor-section-height-default\" data-id=\"7c289c6\" data-element_type=\"section\" data-settings=\"{&quot;background_background&quot;:&quot;classic&quot;}\">\n\t\t\t\t\t\t<div class=\"elementor-container elementor-column-gap-default\">\n\t\t\t\t\t<div class=\"elementor-column elementor-col-33 elementor-top-column elementor-element elementor-element-8accff8\" data-id=\"8accff8\" data-element_type=\"column\" data-settings=\"{&quot;background_background&quot;:&quot;gradient&quot;}\">\n\t\t\t<div class=\"elementor-widget-wrap elementor-element-populated\">\n\t\t\t\t\t\t<div class=\"elementor-element elementor-element-6f0ec93 elementor-widget elementor-widget-image\" data-id=\"6f0ec93\" data-element_type=\"widget\" data-widget_type=\"image.default\">\n\t\t\t\t<div class=\"elementor-widget-container\">\n\t\t\t\t\t\t\t\t\t\t\t\t\t<img loading=\"lazy\" decoding=\"async\" width=\"358\" height=\"86\" src=\"https:\/\/scholante.adv.br\/wp-content\/uploads\/2023\/01\/Direito-Administrativo-1.png\" class=\"attachment-large size-large wp-image-2233\" alt=\"\" srcset=\"https:\/\/scholante.adv.br\/wp-content\/uploads\/2023\/01\/Direito-Administrativo-1.png 358w, https:\/\/scholante.adv.br\/wp-content\/uploads\/2023\/01\/Direito-Administrativo-1-300x72.png 300w\" sizes=\"(max-width: 358px) 100vw, 358px\" \/>\t\t\t\t\t\t\t\t\t\t\t\t\t<\/div>\n\t\t\t\t<\/div>\n\t\t\t\t<div class=\"elementor-element elementor-element-560ca74 elementor-widget elementor-widget-heading\" data-id=\"560ca74\" data-element_type=\"widget\" data-widget_type=\"heading.default\">\n\t\t\t\t<div class=\"elementor-widget-container\">\n\t\t\t<h2 class=\"elementor-heading-title elementor-size-default\">Direito Administrativo<\/h2>\t\t<\/div>\n\t\t\t\t<\/div>\n\t\t\t\t<div class=\"elementor-element elementor-element-ea86fd0 elementor-widget elementor-widget-button\" data-id=\"ea86fd0\" data-element_type=\"widget\" data-widget_type=\"button.default\">\n\t\t\t\t<div class=\"elementor-widget-container\">\n\t\t\t\t\t<div class=\"elementor-button-wrapper\">\n\t\t\t<a class=\"elementor-button elementor-button-link elementor-size-xs\" href=\"#elementor-action%3Aaction%3Dpopup%3Aopen%26settings%3DeyJpZCI6IjIxODgiLCJ0b2dnbGUiOmZhbHNlfQ%3D%3D\">\n\t\t\t\t\t\t<span class=\"elementor-button-content-wrapper\">\n\t\t\t\t\t\t\t\t\t<span class=\"elementor-button-text\">LEIA MAIS<\/span>\n\t\t\t\t\t<\/span>\n\t\t\t\t\t<\/a>\n\t\t<\/div>\n\t\t\t\t<\/div>\n\t\t\t\t<\/div>\n\t\t\t\t\t<\/div>\n\t\t<\/div>\n\t\t\t\t<div class=\"elementor-column elementor-col-33 elementor-top-column elementor-element elementor-element-df9a582\" data-id=\"df9a582\" data-element_type=\"column\" data-settings=\"{&quot;background_background&quot;:&quot;gradient&quot;}\">\n\t\t\t<div class=\"elementor-widget-wrap elementor-element-populated\">\n\t\t\t\t\t\t<div class=\"elementor-element elementor-element-167cb3b elementor-widget elementor-widget-image\" data-id=\"167cb3b\" data-element_type=\"widget\" data-widget_type=\"image.default\">\n\t\t\t\t<div class=\"elementor-widget-container\">\n\t\t\t\t\t\t\t\t\t\t\t\t\t<img loading=\"lazy\" decoding=\"async\" width=\"358\" height=\"72\" src=\"https:\/\/scholante.adv.br\/wp-content\/uploads\/2023\/01\/Direito-Contratual-e-imobiliario-_.png\" class=\"attachment-large size-large wp-image-2235\" alt=\"\" srcset=\"https:\/\/scholante.adv.br\/wp-content\/uploads\/2023\/01\/Direito-Contratual-e-imobiliario-_.png 358w, https:\/\/scholante.adv.br\/wp-content\/uploads\/2023\/01\/Direito-Contratual-e-imobiliario-_-300x60.png 300w\" sizes=\"(max-width: 358px) 100vw, 358px\" \/>\t\t\t\t\t\t\t\t\t\t\t\t\t<\/div>\n\t\t\t\t<\/div>\n\t\t\t\t<div class=\"elementor-element elementor-element-06a895a elementor-widget elementor-widget-heading\" data-id=\"06a895a\" data-element_type=\"widget\" data-widget_type=\"heading.default\">\n\t\t\t\t<div class=\"elementor-widget-container\">\n\t\t\t<h2 class=\"elementor-heading-title elementor-size-default\">Direito Contratual e imobili\u00e1rio <\/h2>\t\t<\/div>\n\t\t\t\t<\/div>\n\t\t\t\t<div class=\"elementor-element elementor-element-40c009a elementor-widget elementor-widget-button\" data-id=\"40c009a\" data-element_type=\"widget\" data-widget_type=\"button.default\">\n\t\t\t\t<div class=\"elementor-widget-container\">\n\t\t\t\t\t<div class=\"elementor-button-wrapper\">\n\t\t\t<a class=\"elementor-button elementor-button-link elementor-size-xs\" href=\"#elementor-action%3Aaction%3Dpopup%3Aopen%26settings%3DeyJpZCI6IjIyMDAiLCJ0b2dnbGUiOmZhbHNlfQ%3D%3D\">\n\t\t\t\t\t\t<span class=\"elementor-button-content-wrapper\">\n\t\t\t\t\t\t\t\t\t<span class=\"elementor-button-text\">LEIA MAIS<\/span>\n\t\t\t\t\t<\/span>\n\t\t\t\t\t<\/a>\n\t\t<\/div>\n\t\t\t\t<\/div>\n\t\t\t\t<\/div>\n\t\t\t\t\t<\/div>\n\t\t<\/div>\n\t\t\t\t<div class=\"elementor-column elementor-col-33 elementor-top-column elementor-element elementor-element-380cbba\" data-id=\"380cbba\" data-element_type=\"column\" data-settings=\"{&quot;background_background&quot;:&quot;gradient&quot;}\">\n\t\t\t<div class=\"elementor-widget-wrap elementor-element-populated\">\n\t\t\t\t\t\t<div class=\"elementor-element elementor-element-cff0ac4 elementor-widget elementor-widget-image\" data-id=\"cff0ac4\" data-element_type=\"widget\" data-widget_type=\"image.default\">\n\t\t\t\t<div class=\"elementor-widget-container\">\n\t\t\t\t\t\t\t\t\t\t\t\t\t<img loading=\"lazy\" decoding=\"async\" width=\"358\" height=\"106\" src=\"https:\/\/scholante.adv.br\/wp-content\/uploads\/2023\/01\/Direito-Societario-1.png\" class=\"attachment-large size-large wp-image-2231\" alt=\"\" srcset=\"https:\/\/scholante.adv.br\/wp-content\/uploads\/2023\/01\/Direito-Societario-1.png 358w, https:\/\/scholante.adv.br\/wp-content\/uploads\/2023\/01\/Direito-Societario-1-300x89.png 300w\" sizes=\"(max-width: 358px) 100vw, 358px\" \/>\t\t\t\t\t\t\t\t\t\t\t\t\t<\/div>\n\t\t\t\t<\/div>\n\t\t\t\t<div class=\"elementor-element elementor-element-f8345b0 elementor-widget elementor-widget-heading\" data-id=\"f8345b0\" data-element_type=\"widget\" data-widget_type=\"heading.default\">\n\t\t\t\t<div class=\"elementor-widget-container\">\n\t\t\t<h2 class=\"elementor-heading-title elementor-size-default\">Direito Societ\u00e1rio<\/h2>\t\t<\/div>\n\t\t\t\t<\/div>\n\t\t\t\t<div class=\"elementor-element elementor-element-9690eaa elementor-widget elementor-widget-button\" data-id=\"9690eaa\" data-element_type=\"widget\" data-widget_type=\"button.default\">\n\t\t\t\t<div class=\"elementor-widget-container\">\n\t\t\t\t\t<div class=\"elementor-button-wrapper\">\n\t\t\t<a class=\"elementor-button elementor-button-link elementor-size-xs\" href=\"#elementor-action%3Aaction%3Dpopup%3Aopen%26settings%3DeyJpZCI6IjIxNzQiLCJ0b2dnbGUiOmZhbHNlfQ%3D%3D\">\n\t\t\t\t\t\t<span class=\"elementor-button-content-wrapper\">\n\t\t\t\t\t\t\t\t\t<span class=\"elementor-button-text\">LEIA MAIS<\/span>\n\t\t\t\t\t<\/span>\n\t\t\t\t\t<\/a>\n\t\t<\/div>\n\t\t\t\t<\/div>\n\t\t\t\t<\/div>\n\t\t\t\t\t<\/div>\n\t\t<\/div>\n\t\t\t\t\t<\/div>\n\t\t<\/section>\n\t\t\t\t<\/div>\n\t\t","protected":false},"excerpt":{"rendered":"<p>\u00c1REAS DE ATUA\u00c7\u00c3O Gest\u00e3o jur\u00eddica de Empresas LEIA MAIS Direito Tribut\u00e1rio LEIA MAIS Direito Aduaneiro LEIA MAIS Direito Administrativo LEIA MAIS Direito Contratual e imobili\u00e1rio LEIA MAIS Direito Societ\u00e1rio LEIA MAIS<\/p>\n","protected":false},"author":2,"featured_media":0,"parent":0,"menu_order":0,"comment_status":"closed","ping_status":"closed","template":"","meta":{"footnotes":""},"class_list":["post-11","page","type-page","status-publish","hentry"],"yoast_head":"<!-- This site is optimized with the Yoast SEO plugin v23.4 - https:\/\/yoast.com\/wordpress\/plugins\/seo\/ -->\n<title>\u00c1reas de Atua\u00e7\u00e3o - Scholante - Gest\u00e3o Jur\u00eddica de Neg\u00f3cios<\/title>\n<meta name=\"robots\" content=\"index, follow, max-snippet:-1, max-image-preview:large, max-video-preview:-1\" \/>\n<link rel=\"canonical\" href=\"https:\/\/scholante.adv.br\/?page_id=11\" \/>\n<meta property=\"og:locale\" content=\"pt_BR\" \/>\n<meta property=\"og:type\" content=\"article\" \/>\n<meta property=\"og:title\" content=\"\u00c1reas de Atua\u00e7\u00e3o - Scholante - Gest\u00e3o Jur\u00eddica de Neg\u00f3cios\" \/>\n<meta property=\"og:description\" content=\"\u00c1REAS DE ATUA\u00c7\u00c3O Gest\u00e3o jur\u00eddica de Empresas LEIA MAIS Direito Tribut\u00e1rio LEIA MAIS Direito Aduaneiro LEIA MAIS Direito Administrativo LEIA MAIS Direito Contratual e imobili\u00e1rio LEIA MAIS Direito Societ\u00e1rio LEIA MAIS\" \/>\n<meta property=\"og:url\" content=\"https:\/\/scholante.adv.br\/?page_id=11\" \/>\n<meta property=\"og:site_name\" content=\"Scholante - Gest\u00e3o Jur\u00eddica de Neg\u00f3cios\" \/>\n<meta property=\"article:modified_time\" content=\"2024-03-21T12:20:01+00:00\" \/>\n<meta property=\"og:image\" content=\"http:\/\/scholante.adv.br\/wp-content\/uploads\/2023\/01\/Gestao-juridica-de-Empresas-1.png\" \/>\n<meta name=\"twitter:card\" content=\"summary_large_image\" \/>\n<meta name=\"twitter:label1\" content=\"Est. tempo de leitura\" \/>\n\t<meta name=\"twitter:data1\" content=\"2 minutos\" \/>\n<script type=\"application\/ld+json\" class=\"yoast-schema-graph\">{\"@context\":\"https:\/\/schema.org\",\"@graph\":[{\"@type\":\"WebPage\",\"@id\":\"https:\/\/scholante.adv.br\/?page_id=11\",\"url\":\"https:\/\/scholante.adv.br\/?page_id=11\",\"name\":\"\u00c1reas de Atua\u00e7\u00e3o - Scholante - Gest\u00e3o Jur\u00eddica de Neg\u00f3cios\",\"isPartOf\":{\"@id\":\"https:\/\/scholante.adv.br\/#website\"},\"primaryImageOfPage\":{\"@id\":\"https:\/\/scholante.adv.br\/?page_id=11#primaryimage\"},\"image\":{\"@id\":\"https:\/\/scholante.adv.br\/?page_id=11#primaryimage\"},\"thumbnailUrl\":\"http:\/\/scholante.adv.br\/wp-content\/uploads\/2023\/01\/Gestao-juridica-de-Empresas-1.png\",\"datePublished\":\"2021-06-21T12:19:55+00:00\",\"dateModified\":\"2024-03-21T12:20:01+00:00\",\"breadcrumb\":{\"@id\":\"https:\/\/scholante.adv.br\/?page_id=11#breadcrumb\"},\"inLanguage\":\"pt-BR\",\"potentialAction\":[{\"@type\":\"ReadAction\",\"target\":[\"https:\/\/scholante.adv.br\/?page_id=11\"]}]},{\"@type\":\"ImageObject\",\"inLanguage\":\"pt-BR\",\"@id\":\"https:\/\/scholante.adv.br\/?page_id=11#primaryimage\",\"url\":\"https:\/\/scholante.adv.br\/wp-content\/uploads\/2023\/01\/Gestao-juridica-de-Empresas-1.png\",\"contentUrl\":\"https:\/\/scholante.adv.br\/wp-content\/uploads\/2023\/01\/Gestao-juridica-de-Empresas-1.png\",\"width\":358,\"height\":86},{\"@type\":\"BreadcrumbList\",\"@id\":\"https:\/\/scholante.adv.br\/?page_id=11#breadcrumb\",\"itemListElement\":[{\"@type\":\"ListItem\",\"position\":1,\"name\":\"In\u00edcio\",\"item\":\"https:\/\/scholante.adv.br\/\"},{\"@type\":\"ListItem\",\"position\":2,\"name\":\"\u00c1reas de Atua\u00e7\u00e3o\"}]},{\"@type\":\"WebSite\",\"@id\":\"https:\/\/scholante.adv.br\/#website\",\"url\":\"https:\/\/scholante.adv.br\/\",\"name\":\"Scholante - Gest\u00e3o Jur\u00eddica de Neg\u00f3cios\",\"description\":\"Scholante - Gest\u00e3o Jur\u00eddica de Neg\u00f3cios\",\"publisher\":{\"@id\":\"https:\/\/scholante.adv.br\/#organization\"},\"potentialAction\":[{\"@type\":\"SearchAction\",\"target\":{\"@type\":\"EntryPoint\",\"urlTemplate\":\"https:\/\/scholante.adv.br\/?s={search_term_string}\"},\"query-input\":{\"@type\":\"PropertyValueSpecification\",\"valueRequired\":true,\"valueName\":\"search_term_string\"}}],\"inLanguage\":\"pt-BR\"},{\"@type\":\"Organization\",\"@id\":\"https:\/\/scholante.adv.br\/#organization\",\"name\":\"Scholante - Gest\u00e3o Jur\u00eddica de Neg\u00f3cios\",\"url\":\"https:\/\/scholante.adv.br\/\",\"logo\":{\"@type\":\"ImageObject\",\"inLanguage\":\"pt-BR\",\"@id\":\"https:\/\/scholante.adv.br\/#\/schema\/logo\/image\/\",\"url\":\"https:\/\/scholante.adv.br\/wp-content\/uploads\/2021\/06\/Logo-Scholante-Horizontal-03-1.png\",\"contentUrl\":\"https:\/\/scholante.adv.br\/wp-content\/uploads\/2021\/06\/Logo-Scholante-Horizontal-03-1.png\",\"width\":1709,\"height\":622,\"caption\":\"Scholante - Gest\u00e3o Jur\u00eddica de Neg\u00f3cios\"},\"image\":{\"@id\":\"https:\/\/scholante.adv.br\/#\/schema\/logo\/image\/\"}}]}<\/script>\n<!-- \/ Yoast SEO plugin. -->","yoast_head_json":{"title":"\u00c1reas de Atua\u00e7\u00e3o - Scholante - Gest\u00e3o Jur\u00eddica de Neg\u00f3cios","robots":{"index":"index","follow":"follow","max-snippet":"max-snippet:-1","max-image-preview":"max-image-preview:large","max-video-preview":"max-video-preview:-1"},"canonical":"https:\/\/scholante.adv.br\/?page_id=11","og_locale":"pt_BR","og_type":"article","og_title":"\u00c1reas de Atua\u00e7\u00e3o - Scholante - Gest\u00e3o Jur\u00eddica de Neg\u00f3cios","og_description":"\u00c1REAS DE ATUA\u00c7\u00c3O Gest\u00e3o jur\u00eddica de Empresas LEIA MAIS Direito Tribut\u00e1rio LEIA MAIS Direito Aduaneiro LEIA MAIS Direito Administrativo LEIA MAIS Direito Contratual e imobili\u00e1rio LEIA MAIS Direito Societ\u00e1rio LEIA MAIS","og_url":"https:\/\/scholante.adv.br\/?page_id=11","og_site_name":"Scholante - Gest\u00e3o Jur\u00eddica de Neg\u00f3cios","article_modified_time":"2024-03-21T12:20:01+00:00","og_image":[{"url":"http:\/\/scholante.adv.br\/wp-content\/uploads\/2023\/01\/Gestao-juridica-de-Empresas-1.png"}],"twitter_card":"summary_large_image","twitter_misc":{"Est. tempo de leitura":"2 minutos"},"schema":{"@context":"https:\/\/schema.org","@graph":[{"@type":"WebPage","@id":"https:\/\/scholante.adv.br\/?page_id=11","url":"https:\/\/scholante.adv.br\/?page_id=11","name":"\u00c1reas de Atua\u00e7\u00e3o - Scholante - Gest\u00e3o Jur\u00eddica de Neg\u00f3cios","isPartOf":{"@id":"https:\/\/scholante.adv.br\/#website"},"primaryImageOfPage":{"@id":"https:\/\/scholante.adv.br\/?page_id=11#primaryimage"},"image":{"@id":"https:\/\/scholante.adv.br\/?page_id=11#primaryimage"},"thumbnailUrl":"http:\/\/scholante.adv.br\/wp-content\/uploads\/2023\/01\/Gestao-juridica-de-Empresas-1.png","datePublished":"2021-06-21T12:19:55+00:00","dateModified":"2024-03-21T12:20:01+00:00","breadcrumb":{"@id":"https:\/\/scholante.adv.br\/?page_id=11#breadcrumb"},"inLanguage":"pt-BR","potentialAction":[{"@type":"ReadAction","target":["https:\/\/scholante.adv.br\/?page_id=11"]}]},{"@type":"ImageObject","inLanguage":"pt-BR","@id":"https:\/\/scholante.adv.br\/?page_id=11#primaryimage","url":"https:\/\/scholante.adv.br\/wp-content\/uploads\/2023\/01\/Gestao-juridica-de-Empresas-1.png","contentUrl":"https:\/\/scholante.adv.br\/wp-content\/uploads\/2023\/01\/Gestao-juridica-de-Empresas-1.png","width":358,"height":86},{"@type":"BreadcrumbList","@id":"https:\/\/scholante.adv.br\/?page_id=11#breadcrumb","itemListElement":[{"@type":"ListItem","position":1,"name":"In\u00edcio","item":"https:\/\/scholante.adv.br\/"},{"@type":"ListItem","position":2,"name":"\u00c1reas de Atua\u00e7\u00e3o"}]},{"@type":"WebSite","@id":"https:\/\/scholante.adv.br\/#website","url":"https:\/\/scholante.adv.br\/","name":"Scholante - Gest\u00e3o Jur\u00eddica de Neg\u00f3cios","description":"Scholante - Gest\u00e3o Jur\u00eddica de Neg\u00f3cios","publisher":{"@id":"https:\/\/scholante.adv.br\/#organization"},"potentialAction":[{"@type":"SearchAction","target":{"@type":"EntryPoint","urlTemplate":"https:\/\/scholante.adv.br\/?s={search_term_string}"},"query-input":{"@type":"PropertyValueSpecification","valueRequired":true,"valueName":"search_term_string"}}],"inLanguage":"pt-BR"},{"@type":"Organization","@id":"https:\/\/scholante.adv.br\/#organization","name":"Scholante - Gest\u00e3o Jur\u00eddica de Neg\u00f3cios","url":"https:\/\/scholante.adv.br\/","logo":{"@type":"ImageObject","inLanguage":"pt-BR","@id":"https:\/\/scholante.adv.br\/#\/schema\/logo\/image\/","url":"https:\/\/scholante.adv.br\/wp-content\/uploads\/2021\/06\/Logo-Scholante-Horizontal-03-1.png","contentUrl":"https:\/\/scholante.adv.br\/wp-content\/uploads\/2021\/06\/Logo-Scholante-Horizontal-03-1.png","width":1709,"height":622,"caption":"Scholante - Gest\u00e3o Jur\u00eddica de Neg\u00f3cios"},"image":{"@id":"https:\/\/scholante.adv.br\/#\/schema\/logo\/image\/"}}]}},"_links":{"self":[{"href":"https:\/\/scholante.adv.br\/index.php?rest_route=\/wp\/v2\/pages\/11","targetHints":{"allow":["GET"]}}],"collection":[{"href":"https:\/\/scholante.adv.br\/index.php?rest_route=\/wp\/v2\/pages"}],"about":[{"href":"https:\/\/scholante.adv.br\/index.php?rest_route=\/wp\/v2\/types\/page"}],"author":[{"embeddable":true,"href":"https:\/\/scholante.adv.br\/index.php?rest_route=\/wp\/v2\/users\/2"}],"replies":[{"embeddable":true,"href":"https:\/\/scholante.adv.br\/index.php?rest_route=%2Fwp%2Fv2%2Fcomments&post=11"}],"version-history":[{"count":64,"href":"https:\/\/scholante.adv.br\/index.php?rest_route=\/wp\/v2\/pages\/11\/revisions"}],"predecessor-version":[{"id":3489,"href":"https:\/\/scholante.adv.br\/index.php?rest_route=\/wp\/v2\/pages\/11\/revisions\/3489"}],"wp:attachment":[{"href":"https:\/\/scholante.adv.br\/index.php?rest_route=%2Fwp%2Fv2%2Fmedia&parent=11"}],"curies":[{"name":"wp","href":"https:\/\/api.w.org\/{rel}","templated":true}]}}